{"id":6,"date":"2016-07-19T09:41:41","date_gmt":"2016-07-19T07:41:41","guid":{"rendered":"http:\/\/lagirelle.labanane-hostel.com\/?page_id=6&#038;lang=fr"},"modified":"2024-07-30T12:27:19","modified_gmt":"2024-07-30T10:27:19","slug":"small-hostel","status":"publish","type":"page","link":"https:\/\/www.small-hostel-la-girelle.com\/fr\/small-hostel\/","title":{"rendered":"Small hostel Marseille"},"content":{"rendered":"<div class=\"wpb-content-wrapper\"><p>[vc_row][vc_column width=\u00a0\u00bb1\/4&Prime;][vc_single_image image=\u00a0\u00bb260&Prime; img_size=\u00a0\u00bblarge\u00a0\u00bb alignment=\u00a0\u00bbcenter\u00a0\u00bb style=\u00a0\u00bbvc_box_rounded\u00a0\u00bb onclick=\u00a0\u00bblink_image\u00a0\u00bb][\/vc_column][vc_column width=\u00a0\u00bb3\/4&Prime;][vc_column_text]Bienvenue dans notre<strong><a href=\"https:\/\/www.small-hostel-la-girelle.com\/fr\/2024\/07\/30\/definition-auberge-de-jeunesse\/\"> small hostel<\/a> La Girelle<\/strong>, un h\u00e9bergement id\u00e9alement situ\u00e9, non loin de la beaut\u00e9 des<a href=\"https:\/\/www.small-hostel-la-girelle.com\/fr\/les-calanques-de-marseille\/\"><strong> Calanques de Marseille<\/strong><\/a>\u2026 D\u00e9couvrez sans plus tarder le concept de notre <strong>chambre d\u2019h\u00f4te<\/strong> et profitez des nombreuses liaisons de bus pour vous mener au gr\u00e9 de vos envies\u00a0: le<strong> Vieux Port<\/strong>, La <strong>Corniche<\/strong>, les <strong>plages<\/strong>, les <strong>parcs<\/strong>\u2026\u00a0Appr\u00e9ciez notre disponibilit\u00e9, nos services inclus, les \u00e9quipement de notre cuisine commune et notre espace d\u00e9tente autour de la chemin\u00e9e\u2026Vivez une exp\u00e9rience de <strong>backpackers<\/strong> : vous \u00eates \u00e0 <strong>La Girelle\u00a0<\/strong>![\/vc_column_text][vc_empty_space][vc_column_text]<\/p>\n<h2>Qu\u2019est-ce qu\u2019un small hostel\u00a0???<\/h2>\n<p>C\u2019est un mix entre une <strong>collocation<\/strong>, des <strong>chambres d\u2019h\u00f4tes<\/strong> et un <strong>h\u00f4tel<\/strong>\u2026 Un logement chez l\u2019habitant avec plusieurs chambres \u00e0 partager pour profiter de la richesse des \u00e9changes\u00a0!<br \/>\nChez <strong>La Girelle<\/strong>, vous partagez ainsi les espaces de vie, un <strong>h\u00e9bergement<\/strong> qui saura satisfaire les routards en recherche d\u2019une d\u00e9couverte authentique et atypique de <strong>Marseille\u00a0<\/strong>! En s\u00e9journant chez La Girelle, vous aurez la chance de vivre une vraie aventure humaine. Au d\u00e9tour de vos rencontres et gr\u00e2ce \u00e0 un tourisme en immersion totale, vous ferez de cette exp\u00e9rience, une exp\u00e9rience unique en son genre\u00a0![\/vc_column_text][vc_empty_space][\/vc_column][\/vc_row][vc_row][vc_column width=\u00a0\u00bb1\/3&Prime;][vc_single_image image=\u00a0\u00bb258&Prime; img_size=\u00a0\u00bbfull\u00a0\u00bb alignment=\u00a0\u00bbcenter\u00a0\u00bb style=\u00a0\u00bbvc_box_rounded\u00a0\u00bb][\/vc_column][vc_column width=\u00a0\u00bb1\/3&Prime;][vc_single_image image=\u00a0\u00bb255&Prime; img_size=\u00a0\u00bbfull\u00a0\u00bb alignment=\u00a0\u00bbcenter\u00a0\u00bb style=\u00a0\u00bbvc_box_rounded\u00a0\u00bb][\/vc_column][vc_column width=\u00a0\u00bb1\/3&Prime;][vc_single_image image=\u00a0\u00bb257&Prime; img_size=\u00a0\u00bbfull\u00a0\u00bb alignment=\u00a0\u00bbcenter\u00a0\u00bb style=\u00a0\u00bbvc_box_rounded\u00a0\u00bb][\/vc_column][\/vc_row][vc_row][vc_column width=\u00a0\u00bb2\/3&Prime;][vc_empty_space][vc_column_text]<\/p>\n<h2>Notre concept\u00a0!<\/h2>\n<p>Offrir une alternative \u00e0 des prix bas pour votre s\u00e9jour proven\u00e7al.<br \/>\nDes nuit\u00e9es \u00e0 20 \u20ac par personne et un tarif diminu\u00e9 sur du long s\u00e9jour.<br \/>\nL\u2019\u00e9tat d\u2019esprit de \u00ab\u00a0La Girelle\u00a0\u00bb a fait de ce lieu, un espace d\u2019\u00e9change ouvert \u00e0 un public vari\u00e9\u00a0: baroudeurs, \u00e9tudiants \u00e9trangers, touristes solitaires ou en groupe mais avec un point commun\u00a0: <strong>l\u2019envie de partager son exp\u00e9rience et de cr\u00e9er du lien\u00a0!<\/strong>[\/vc_column_text][vc_empty_space][vc_column_text]<\/p>\n<h3>L\u2019am\u00e9nagement de notre h\u00e9bergement\u00a0!<\/h3>\n<p>La Girelle est am\u00e9nag\u00e9 pour vous offrir tout le confort n\u00e9cessaire \u00e0 votre s\u00e9jour\u00a0:<\/p>\n<ul>\n<li>Des chambres collectives<\/li>\n<li>Un dortoir<\/li>\n<li>Une cuisine \u00e9quip\u00e9e<\/li>\n<li>Une salle de bain et sanitaire communs<\/li>\n<li>Un espace \u00ab\u00a0co-working\u00a0\u00bb<\/li>\n<li>Un espace cosy avec chemin\u00e9e<\/li>\n<\/ul>\n<p>[\/vc_column_text][\/vc_column][vc_column width=\u00a0\u00bb1\/3&Prime;][vc_empty_space][vc_column_text]Vous b\u00e9n\u00e9ficierez de la convivialit\u00e9 d\u2019un espace cosy avec chemin\u00e9e pour vous d\u00e9tendre ou partager vos d\u00e9couvertes du jour.<br \/>\nTout a \u00e9t\u00e9 pens\u00e9 pour faciliter votre vie connect\u00e9e, \u00e9changer avec vos proches ou encore travailler pour vos rendus universitaires\u00a0: un espace de travail avec bureau, acc\u00e8s internet et de nombreuses prises pour recharger les batteries de vos smartphones, tablettes et ordinateurs portables\u2026.[\/vc_column_text][vc_single_image image=\u00a0\u00bb259&Prime; img_size=\u00a0\u00bblarge\u00a0\u00bb][\/vc_column][\/vc_row][vc_row][vc_column width=\u00a0\u00bb1\/2&Prime;][vc_empty_space][vc_column_text]<\/p>\n<h4>Les services sur place et \u00e0 proximit\u00e9<\/h4>\n<ul>\n<li>Arriv\u00e9e et d\u00e9part flexibles<\/li>\n<li>Espace de stockage des bagages<\/li>\n<li>Serviettes et linge de maison<\/li>\n<li>Nettoyage<\/li>\n<li>Cuisine avec lave-vaisselle, four \u00e9lectrique, micro-ondes, cafeti\u00e8re, bouilloire \u00e9lectrique et tous les ustensiles de cuisine<\/li>\n<li>Acc\u00e8s WIFI dans toutes les chambres et dans toute l&rsquo;auberge<\/li>\n<li>Parking gratuit sur place<\/li>\n<li>Local \u00e0 v\u00e9los<\/li>\n<li>V\u00e9los disponibles (gratuit)<\/li>\n<li>Scooter \u00e9lectrique<\/li>\n<li>Machine \u00e0 laver<\/li>\n<li>Barbecue<\/li>\n<li>Plong\u00e9e avec masque et tuba<\/li>\n<li>Sac \u00e0 dos disponible<\/li>\n<li>Carte des calanques avec les plans secrets des \u00ab\u00a0Calenquais\u00a0\u00bb (depuis 5 g\u00e9n\u00e9rations)<\/li>\n<\/ul>\n<p>[\/vc_column_text][\/vc_column][vc_column width=\u00a0\u00bb1\/2&Prime; css=\u00a0\u00bb.vc_custom_1494833193601{padding-top: 30px !important;padding-right: 30px !important;padding-bottom: 30px !important;padding-left: 30px !important;background-color: #f6c392 !important;border-radius: 5px !important;}\u00a0\u00bb][vc_empty_space][vc_column_text]<\/p>\n<p style=\"text-align: center;\"><span style=\"color: #000000;\"><strong>N\u2019h\u00e9sitez pas \u00e0 <span style=\"text-decoration: underline; color: #000000;\"><a style=\"color: #000000; text-decoration: underline;\" href=\"http:\/\/lagirelle.labanane-hostel.com\/fr\/contact-plan-acces\/\">nous contacter<\/a><\/span> directement pour tout demande de disponibilit\u00e9 ou de r\u00e9servation au 0033 491 400 512<\/strong><\/span><\/p>\n<p style=\"text-align: center;\"><span style=\"color: #000000;\"><strong>Possibilit\u00e9 d\u2019accueillir les groupes<\/strong><\/span><br \/>\n<span style=\"color: #000000;\"><strong>Langues parl\u00e9es\u00a0: fran\u00e7ais et anglais<\/strong><\/span><br \/>\n<span style=\"color: #000000;\"><strong>Accueil\u00a0: 7 jours sur 7<\/strong><\/span><\/p>\n<p>[\/vc_column_text][\/vc_column][\/vc_row]<\/p>\n<\/div>","protected":false},"excerpt":{"rendered":"<p>[vc_row][vc_column width=\u00a0\u00bb1\/4&Prime;][vc_single_image image=\u00a0\u00bb260&Prime; img_size=\u00a0\u00bblarge\u00a0\u00bb alignment=\u00a0\u00bbcenter\u00a0\u00bb style=\u00a0\u00bbvc_box_rounded\u00a0\u00bb onclick=\u00a0\u00bblink_image\u00a0\u00bb][\/vc_column][vc_column width=\u00a0\u00bb3\/4&Prime;][vc_column_text]Bienvenue dans notre small hostel La Girelle, un h\u00e9bergement id\u00e9alement situ\u00e9, non loin de la beaut\u00e9 des Calanques de Marseille\u2026 D\u00e9couvrez sans plus tarder le concept de notre chambre d\u2019h\u00f4te et profitez des nombreuses liaisons de bus pour vous mener au gr\u00e9 de vos envies\u00a0: le Vieux Port, [&hellip;]<\/p>\n","protected":false},"author":3,"featured_media":0,"parent":0,"menu_order":0,"comment_status":"closed","ping_status":"closed","template":"","meta":{"footnotes":""},"yoast_head":"<!-- This site is optimized with the Yoast SEO plugin v22.3 - https:\/\/yoast.com\/wordpress\/plugins\/seo\/ -->\n<title>Small hostel Marseille - La Girelle - Small Hostel Marseille<\/title>\n<meta name=\"robots\" content=\"index, follow, max-snippet:-1, max-image-preview:large, max-video-preview:-1\" \/>\n<link rel=\"canonical\" href=\"https:\/\/www.small-hostel-la-girelle.com\/fr\/small-hostel\/\" \/>\n<meta property=\"og:locale\" content=\"fr_FR\" \/>\n<meta property=\"og:type\" content=\"article\" \/>\n<meta property=\"og:title\" content=\"Small hostel Marseille - La Girelle - Small Hostel Marseille\" \/>\n<meta property=\"og:description\" content=\"[vc_row][vc_column width=\u00a0\u00bb1\/4&Prime;][vc_single_image image=\u00a0\u00bb260&Prime; img_size=\u00a0\u00bblarge\u00a0\u00bb alignment=\u00a0\u00bbcenter\u00a0\u00bb style=\u00a0\u00bbvc_box_rounded\u00a0\u00bb onclick=\u00a0\u00bblink_image\u00a0\u00bb][\/vc_column][vc_column width=\u00a0\u00bb3\/4&Prime;][vc_column_text]Bienvenue dans notre small hostel La Girelle, un h\u00e9bergement id\u00e9alement situ\u00e9, non loin de la beaut\u00e9 des Calanques de Marseille\u2026 D\u00e9couvrez sans plus tarder le concept de notre chambre d\u2019h\u00f4te et profitez des nombreuses liaisons de bus pour vous mener au gr\u00e9 de vos envies\u00a0: le Vieux Port, [&hellip;]\" \/>\n<meta property=\"og:url\" content=\"https:\/\/www.small-hostel-la-girelle.com\/fr\/small-hostel\/\" \/>\n<meta property=\"og:site_name\" content=\"La Girelle - Small Hostel Marseille\" \/>\n<meta property=\"article:modified_time\" content=\"2024-07-30T10:27:19+00:00\" \/>\n<meta name=\"twitter:card\" content=\"summary_large_image\" \/>\n<meta name=\"twitter:label1\" content=\"Dur\u00e9e de lecture estim\u00e9e\" \/>\n\t<meta name=\"twitter:data1\" content=\"3 minutes\" \/>\n<script type=\"application\/ld+json\" class=\"yoast-schema-graph\">{\"@context\":\"https:\/\/schema.org\",\"@graph\":[{\"@type\":\"WebPage\",\"@id\":\"https:\/\/www.small-hostel-la-girelle.com\/fr\/small-hostel\/\",\"url\":\"https:\/\/www.small-hostel-la-girelle.com\/fr\/small-hostel\/\",\"name\":\"Small hostel Marseille - La Girelle - Small Hostel Marseille\",\"isPartOf\":{\"@id\":\"https:\/\/www.small-hostel-la-girelle.com\/#website\"},\"datePublished\":\"2016-07-19T07:41:41+00:00\",\"dateModified\":\"2024-07-30T10:27:19+00:00\",\"breadcrumb\":{\"@id\":\"https:\/\/www.small-hostel-la-girelle.com\/fr\/small-hostel\/#breadcrumb\"},\"inLanguage\":\"fr-FR\",\"potentialAction\":[{\"@type\":\"ReadAction\",\"target\":[\"https:\/\/www.small-hostel-la-girelle.com\/fr\/small-hostel\/\"]}]},{\"@type\":\"BreadcrumbList\",\"@id\":\"https:\/\/www.small-hostel-la-girelle.com\/fr\/small-hostel\/#breadcrumb\",\"itemListElement\":[{\"@type\":\"ListItem\",\"position\":1,\"name\":\"Accueil\",\"item\":\"https:\/\/www.small-hostel-la-girelle.com\/fr\/\"},{\"@type\":\"ListItem\",\"position\":2,\"name\":\"Small hostel Marseille\"}]},{\"@type\":\"WebSite\",\"@id\":\"https:\/\/www.small-hostel-la-girelle.com\/#website\",\"url\":\"https:\/\/www.small-hostel-la-girelle.com\/\",\"name\":\"La Girelle - Small Hostel Marseille\",\"description\":\"hostel marseille, cheap &amp; small\",\"publisher\":{\"@id\":\"https:\/\/www.small-hostel-la-girelle.com\/#organization\"},\"alternateName\":\"Hostel Marseille\",\"potentialAction\":[{\"@type\":\"SearchAction\",\"target\":{\"@type\":\"EntryPoint\",\"urlTemplate\":\"https:\/\/www.small-hostel-la-girelle.com\/?s={search_term_string}\"},\"query-input\":\"required name=search_term_string\"}],\"inLanguage\":\"fr-FR\"},{\"@type\":\"Organization\",\"@id\":\"https:\/\/www.small-hostel-la-girelle.com\/#organization\",\"name\":\"La Girelle - Small Hostel Marseille\",\"url\":\"https:\/\/www.small-hostel-la-girelle.com\/\",\"logo\":{\"@type\":\"ImageObject\",\"inLanguage\":\"fr-FR\",\"@id\":\"https:\/\/www.small-hostel-la-girelle.com\/#\/schema\/logo\/image\/\",\"url\":\"https:\/\/www.small-hostel-la-girelle.com\/files\/2016\/09\/cropped-logo-small-hostel-la-girelle.png\",\"contentUrl\":\"https:\/\/www.small-hostel-la-girelle.com\/files\/2016\/09\/cropped-logo-small-hostel-la-girelle.png\",\"width\":448,\"height\":92,\"caption\":\"La Girelle - Small Hostel Marseille\"},\"image\":{\"@id\":\"https:\/\/www.small-hostel-la-girelle.com\/#\/schema\/logo\/image\/\"}}]}<\/script>\n<!-- \/ Yoast SEO plugin. -->","yoast_head_json":{"title":"Small hostel Marseille - La Girelle - Small Hostel Marseille","robots":{"index":"index","follow":"follow","max-snippet":"max-snippet:-1","max-image-preview":"max-image-preview:large","max-video-preview":"max-video-preview:-1"},"canonical":"https:\/\/www.small-hostel-la-girelle.com\/fr\/small-hostel\/","og_locale":"fr_FR","og_type":"article","og_title":"Small hostel Marseille - La Girelle - Small Hostel Marseille","og_description":"[vc_row][vc_column width=\u00a0\u00bb1\/4&Prime;][vc_single_image image=\u00a0\u00bb260&Prime; img_size=\u00a0\u00bblarge\u00a0\u00bb alignment=\u00a0\u00bbcenter\u00a0\u00bb style=\u00a0\u00bbvc_box_rounded\u00a0\u00bb onclick=\u00a0\u00bblink_image\u00a0\u00bb][\/vc_column][vc_column width=\u00a0\u00bb3\/4&Prime;][vc_column_text]Bienvenue dans notre small hostel La Girelle, un h\u00e9bergement id\u00e9alement situ\u00e9, non loin de la beaut\u00e9 des Calanques de Marseille\u2026 D\u00e9couvrez sans plus tarder le concept de notre chambre d\u2019h\u00f4te et profitez des nombreuses liaisons de bus pour vous mener au gr\u00e9 de vos envies\u00a0: le Vieux Port, [&hellip;]","og_url":"https:\/\/www.small-hostel-la-girelle.com\/fr\/small-hostel\/","og_site_name":"La Girelle - Small Hostel Marseille","article_modified_time":"2024-07-30T10:27:19+00:00","twitter_card":"summary_large_image","twitter_misc":{"Dur\u00e9e de lecture estim\u00e9e":"3 minutes"},"schema":{"@context":"https:\/\/schema.org","@graph":[{"@type":"WebPage","@id":"https:\/\/www.small-hostel-la-girelle.com\/fr\/small-hostel\/","url":"https:\/\/www.small-hostel-la-girelle.com\/fr\/small-hostel\/","name":"Small hostel Marseille - La Girelle - Small Hostel Marseille","isPartOf":{"@id":"https:\/\/www.small-hostel-la-girelle.com\/#website"},"datePublished":"2016-07-19T07:41:41+00:00","dateModified":"2024-07-30T10:27:19+00:00","breadcrumb":{"@id":"https:\/\/www.small-hostel-la-girelle.com\/fr\/small-hostel\/#breadcrumb"},"inLanguage":"fr-FR","potentialAction":[{"@type":"ReadAction","target":["https:\/\/www.small-hostel-la-girelle.com\/fr\/small-hostel\/"]}]},{"@type":"BreadcrumbList","@id":"https:\/\/www.small-hostel-la-girelle.com\/fr\/small-hostel\/#breadcrumb","itemListElement":[{"@type":"ListItem","position":1,"name":"Accueil","item":"https:\/\/www.small-hostel-la-girelle.com\/fr\/"},{"@type":"ListItem","position":2,"name":"Small hostel Marseille"}]},{"@type":"WebSite","@id":"https:\/\/www.small-hostel-la-girelle.com\/#website","url":"https:\/\/www.small-hostel-la-girelle.com\/","name":"La Girelle - Small Hostel Marseille","description":"hostel marseille, cheap &amp; small","publisher":{"@id":"https:\/\/www.small-hostel-la-girelle.com\/#organization"},"alternateName":"Hostel Marseille","potentialAction":[{"@type":"SearchAction","target":{"@type":"EntryPoint","urlTemplate":"https:\/\/www.small-hostel-la-girelle.com\/?s={search_term_string}"},"query-input":"required name=search_term_string"}],"inLanguage":"fr-FR"},{"@type":"Organization","@id":"https:\/\/www.small-hostel-la-girelle.com\/#organization","name":"La Girelle - Small Hostel Marseille","url":"https:\/\/www.small-hostel-la-girelle.com\/","logo":{"@type":"ImageObject","inLanguage":"fr-FR","@id":"https:\/\/www.small-hostel-la-girelle.com\/#\/schema\/logo\/image\/","url":"https:\/\/www.small-hostel-la-girelle.com\/files\/2016\/09\/cropped-logo-small-hostel-la-girelle.png","contentUrl":"https:\/\/www.small-hostel-la-girelle.com\/files\/2016\/09\/cropped-logo-small-hostel-la-girelle.png","width":448,"height":92,"caption":"La Girelle - Small Hostel Marseille"},"image":{"@id":"https:\/\/www.small-hostel-la-girelle.com\/#\/schema\/logo\/image\/"}}]}},"_links":{"self":[{"href":"https:\/\/www.small-hostel-la-girelle.com\/fr\/wp-json\/wp\/v2\/pages\/6"}],"collection":[{"href":"https:\/\/www.small-hostel-la-girelle.com\/fr\/wp-json\/wp\/v2\/pages"}],"about":[{"href":"https:\/\/www.small-hostel-la-girelle.com\/fr\/wp-json\/wp\/v2\/types\/page"}],"author":[{"embeddable":true,"href":"https:\/\/www.small-hostel-la-girelle.com\/fr\/wp-json\/wp\/v2\/users\/3"}],"replies":[{"embeddable":true,"href":"https:\/\/www.small-hostel-la-girelle.com\/fr\/wp-json\/wp\/v2\/comments?post=6"}],"version-history":[{"count":30,"href":"https:\/\/www.small-hostel-la-girelle.com\/fr\/wp-json\/wp\/v2\/pages\/6\/revisions"}],"predecessor-version":[{"id":1299,"href":"https:\/\/www.small-hostel-la-girelle.com\/fr\/wp-json\/wp\/v2\/pages\/6\/revisions\/1299"}],"wp:attachment":[{"href":"https:\/\/www.small-hostel-la-girelle.com\/fr\/wp-json\/wp\/v2\/media?parent=6"}],"curies":[{"name":"wp","href":"https:\/\/api.w.org\/{rel}","templated":true}]}}