{"id":49,"date":"2016-07-20T16:13:23","date_gmt":"2016-07-20T14:13:23","guid":{"rendered":"http:\/\/lagirelle.labanane-hostel.com\/?page_id=49&#038;lang=fr"},"modified":"2025-09-16T12:11:30","modified_gmt":"2025-09-16T10:11:30","slug":"tarifs-de-notre-petite-auberge-a-marseille","status":"publish","type":"page","link":"https:\/\/www.small-hostel-la-girelle.com\/fr\/tarifs-de-notre-petite-auberge-a-marseille\/","title":{"rendered":"Tarifs de notre petite auberge \u00e0 Marseille"},"content":{"rendered":"<div class=\"wpb-content-wrapper\"><p>[vc_row][vc_column][vc_column_text]<\/p>\n<h3>Que votre visite \u00e0 Marseille soit pour un COURT ou long s\u00e9jour, <a href=\"https:\/\/www.small-hostel-la-girelle.com\/fr\/small-hostel\/\">La Girelle<\/a> vous accueille tous les jours de la semaine et vous montrera les lieux incontournables, loin des sentiers battus, pour d\u00e9couvrir Mazargues et le parc naturel des <a href=\"https:\/\/www.small-hostel-la-girelle.com\/fr\/les-calanques-de-marseille\/\">calanques<\/a>.<\/h3>\n<h4><strong>\u00c0 la nuit, \u00e0 la semaine ou au mois, notre chambre d&rsquo;h\u00f4tes vous propose diff\u00e9rentes formules de r\u00e9servations, selon vos attentes.<\/strong><\/h4>\n<p><strong>Voyageurs, \u00e9tudiants, nomades num\u00e9riques, ou fans de sport, tout le monde est le bienvenu !<\/strong><\/p>\n<p>Notre petite auberge accueille les touristes souhaitant d\u00e9couvrir la r\u00e9gion \u00e0 la mani\u00e8re des routards, des groupes d&rsquo;amis, des \u00e9tudiants. Attention \u00e9tudiants ! Nous sommes proches des universit\u00e9s telles que Kedge Business School et l&rsquo;\u00e9cole d&rsquo;ing\u00e9nieurs Polytech \u00e0 Luminy. Les connexions de bus sont r\u00e9guli\u00e8res et faciliteront vos d\u00e9placements universitaires.[\/vc_column_text][vc_empty_space][\/vc_column][\/vc_row][vc_row][vc_column width=\u00a0\u00bb2\/3&Prime;][vc_column_text css=\u00a0\u00bb.vc_custom_1758017487142{border-radius: 5px !important;}\u00a0\u00bb]<\/p>\n<h3 style=\"text-align: justify;\">Pour une d\u00e9couverte touristique de notre belle Provence, nous proposons un tarif par nuit :<\/h3>\n<h4 style=\"text-align: justify;\"><span style=\"color: #d98d53;\">DORTOIR : 35 \u20ac<br \/>\n<\/span><span style=\"color: #d98d53;\">GROUPE : 30 \u20ac<br \/>\n<\/span><span style=\"color: #d98d53;\">CHAMBRE : 65 \u20ac<br \/>\nPETIT CONDO : 75 \u20ac<br \/>\n<\/span><span style=\"color: #d98d53;\">GRAND CONDO : 85 \u20ac<\/span><\/h4>\n<h4 style=\"text-align: justify;\"><span style=\"color: #d98d53;\">Caf\u00e9 gratuit + v\u00e9lo gratuit + Draps et serviettes inclus<br \/>\n<\/span><\/h4>\n<p>[\/vc_column_text][vc_empty_space][vc_column_text css=\u00a0\u00bb.vc_custom_1689230640344{border-radius: 5px !important;}\u00a0\u00bb]<\/p>\n<h3>Tarif long s\u00e9jour :<\/h3>\n<p><strong>Pour les longs s\u00e9jours, pour raisons professionnelles ou universitaires, nos tarifs sont d\u00e9gressifs :<\/strong><\/p>\n<h3 style=\"text-align: justify;\"><span style=\"color: #d98d53;\">Possibilit\u00e9 d&rsquo;un tarif au mois et tarifs \u00e9tudiants pendant la saison hivernale<\/span><\/h3>\n<p>[\/vc_column_text][vc_empty_space][vc_column_text css=\u00a0\u00bb.vc_custom_1689058215251{border-radius: 5px !important;}\u00a0\u00bb]<\/p>\n<h3>Appartement T2 \u00e0 louer + chambre ind\u00e9pendante<\/h3>\n<p><strong>R\u00e9servation par SMS : <a href=\"tel:+33629226701\">06 29 22 67 01<\/a> ou <a href=\"tel:+33620398213\">06 20 39 82 13<\/a><\/strong>[\/vc_column_text][vc_empty_space][\/vc_column][vc_column width=\u00a0\u00bb1\/3&Prime;][vc_row_inner css=\u00a0\u00bb.vc_custom_1689230689225{padding-top: 30px !important;padding-right: 30px !important;padding-bottom: 30px !important;padding-left: 30px !important;background-color: #f7ca9f !important;border-radius: 5px !important;}\u00a0\u00bb][vc_column_inner][vc_column_text]<strong>Quelle que soit la formule que vous choisissez, nos tarifs incluent :<\/strong><\/p>\n<ul>\n<li>Un lit dans une chambre ou un dortoir<\/li>\n<li>Draps et serviettes fournis<\/li>\n<li>Acc\u00e8s libre \u00e0 l&rsquo;espace cuisine \u00e9quip\u00e9<\/li>\n<li>Acc\u00e8s libre \u00e0 tous les espaces communs : salle de bain, espace de travail, coin salon<\/li>\n<li>Acc\u00e8s Internet illimit\u00e9<\/li>\n<li>Caf\u00e9 gratuit<\/li>\n<\/ul>\n<p><strong>Pour toute demande, veuillez vous rendre sur la page de <a href=\"https:\/\/www.small-hostel-la-girelle.com\/fr\/contact-plan-acces\/\"><span style=\"text-decoration: underline;\">contact<\/span> <\/a><\/strong>[\/vc_column_text][\/vc_column_inner][\/vc_row_inner][vc_empty_space][\/vc_column][\/vc_row]<\/p>\n<\/div>","protected":false},"excerpt":{"rendered":"<p>[vc_row][vc_column][vc_column_text] Que votre visite \u00e0 Marseille soit pour un COURT ou long s\u00e9jour, La Girelle vous accueille tous les jours de la semaine et vous montrera les lieux incontournables, loin des sentiers battus, pour d\u00e9couvrir Mazargues et le parc naturel des calanques. \u00c0 la nuit, \u00e0 la semaine ou au mois, notre chambre d&rsquo;h\u00f4tes vous [&hellip;]<\/p>\n","protected":false},"author":3,"featured_media":0,"parent":0,"menu_order":0,"comment_status":"closed","ping_status":"closed","template":"","meta":{"footnotes":""},"yoast_head":"<!-- This site is optimized with the Yoast SEO plugin v22.3 - https:\/\/yoast.com\/wordpress\/plugins\/seo\/ -->\n<title>Tarifs de notre petite auberge \u00e0 Marseille - La Girelle - Small Hostel Marseille<\/title>\n<meta name=\"robots\" content=\"index, follow, max-snippet:-1, max-image-preview:large, max-video-preview:-1\" \/>\n<link rel=\"canonical\" href=\"https:\/\/www.small-hostel-la-girelle.com\/fr\/tarifs-de-notre-petite-auberge-a-marseille\/\" \/>\n<meta property=\"og:locale\" content=\"fr_FR\" \/>\n<meta property=\"og:type\" content=\"article\" \/>\n<meta property=\"og:title\" content=\"Tarifs de notre petite auberge \u00e0 Marseille - La Girelle - Small Hostel Marseille\" \/>\n<meta property=\"og:description\" content=\"[vc_row][vc_column][vc_column_text] Que votre visite \u00e0 Marseille soit pour un COURT ou long s\u00e9jour, La Girelle vous accueille tous les jours de la semaine et vous montrera les lieux incontournables, loin des sentiers battus, pour d\u00e9couvrir Mazargues et le parc naturel des calanques. \u00c0 la nuit, \u00e0 la semaine ou au mois, notre chambre d&rsquo;h\u00f4tes vous [&hellip;]\" \/>\n<meta property=\"og:url\" content=\"https:\/\/www.small-hostel-la-girelle.com\/fr\/tarifs-de-notre-petite-auberge-a-marseille\/\" \/>\n<meta property=\"og:site_name\" content=\"La Girelle - Small Hostel Marseille\" \/>\n<meta property=\"article:modified_time\" content=\"2025-09-16T10:11:30+00:00\" \/>\n<meta name=\"twitter:card\" content=\"summary_large_image\" \/>\n<meta name=\"twitter:label1\" content=\"Dur\u00e9e de lecture estim\u00e9e\" \/>\n\t<meta name=\"twitter:data1\" content=\"2 minutes\" \/>\n<script type=\"application\/ld+json\" class=\"yoast-schema-graph\">{\"@context\":\"https:\/\/schema.org\",\"@graph\":[{\"@type\":\"WebPage\",\"@id\":\"https:\/\/www.small-hostel-la-girelle.com\/fr\/tarifs-de-notre-petite-auberge-a-marseille\/\",\"url\":\"https:\/\/www.small-hostel-la-girelle.com\/fr\/tarifs-de-notre-petite-auberge-a-marseille\/\",\"name\":\"Tarifs de notre petite auberge \u00e0 Marseille - La Girelle - Small Hostel Marseille\",\"isPartOf\":{\"@id\":\"https:\/\/www.small-hostel-la-girelle.com\/#website\"},\"datePublished\":\"2016-07-20T14:13:23+00:00\",\"dateModified\":\"2025-09-16T10:11:30+00:00\",\"breadcrumb\":{\"@id\":\"https:\/\/www.small-hostel-la-girelle.com\/fr\/tarifs-de-notre-petite-auberge-a-marseille\/#breadcrumb\"},\"inLanguage\":\"fr-FR\",\"potentialAction\":[{\"@type\":\"ReadAction\",\"target\":[\"https:\/\/www.small-hostel-la-girelle.com\/fr\/tarifs-de-notre-petite-auberge-a-marseille\/\"]}]},{\"@type\":\"BreadcrumbList\",\"@id\":\"https:\/\/www.small-hostel-la-girelle.com\/fr\/tarifs-de-notre-petite-auberge-a-marseille\/#breadcrumb\",\"itemListElement\":[{\"@type\":\"ListItem\",\"position\":1,\"name\":\"Accueil\",\"item\":\"https:\/\/www.small-hostel-la-girelle.com\/fr\/\"},{\"@type\":\"ListItem\",\"position\":2,\"name\":\"Tarifs de notre petite auberge \u00e0 Marseille\"}]},{\"@type\":\"WebSite\",\"@id\":\"https:\/\/www.small-hostel-la-girelle.com\/#website\",\"url\":\"https:\/\/www.small-hostel-la-girelle.com\/\",\"name\":\"La Girelle - Small Hostel Marseille\",\"description\":\"hostel marseille, cheap &amp; small\",\"publisher\":{\"@id\":\"https:\/\/www.small-hostel-la-girelle.com\/#organization\"},\"alternateName\":\"Hostel Marseille\",\"potentialAction\":[{\"@type\":\"SearchAction\",\"target\":{\"@type\":\"EntryPoint\",\"urlTemplate\":\"https:\/\/www.small-hostel-la-girelle.com\/?s={search_term_string}\"},\"query-input\":\"required name=search_term_string\"}],\"inLanguage\":\"fr-FR\"},{\"@type\":\"Organization\",\"@id\":\"https:\/\/www.small-hostel-la-girelle.com\/#organization\",\"name\":\"La Girelle - Small Hostel Marseille\",\"url\":\"https:\/\/www.small-hostel-la-girelle.com\/\",\"logo\":{\"@type\":\"ImageObject\",\"inLanguage\":\"fr-FR\",\"@id\":\"https:\/\/www.small-hostel-la-girelle.com\/#\/schema\/logo\/image\/\",\"url\":\"https:\/\/www.small-hostel-la-girelle.com\/files\/2016\/09\/cropped-logo-small-hostel-la-girelle.png\",\"contentUrl\":\"https:\/\/www.small-hostel-la-girelle.com\/files\/2016\/09\/cropped-logo-small-hostel-la-girelle.png\",\"width\":448,\"height\":92,\"caption\":\"La Girelle - Small Hostel Marseille\"},\"image\":{\"@id\":\"https:\/\/www.small-hostel-la-girelle.com\/#\/schema\/logo\/image\/\"}}]}<\/script>\n<!-- \/ Yoast SEO plugin. -->","yoast_head_json":{"title":"Tarifs de notre petite auberge \u00e0 Marseille - La Girelle - Small Hostel Marseille","robots":{"index":"index","follow":"follow","max-snippet":"max-snippet:-1","max-image-preview":"max-image-preview:large","max-video-preview":"max-video-preview:-1"},"canonical":"https:\/\/www.small-hostel-la-girelle.com\/fr\/tarifs-de-notre-petite-auberge-a-marseille\/","og_locale":"fr_FR","og_type":"article","og_title":"Tarifs de notre petite auberge \u00e0 Marseille - La Girelle - Small Hostel Marseille","og_description":"[vc_row][vc_column][vc_column_text] Que votre visite \u00e0 Marseille soit pour un COURT ou long s\u00e9jour, La Girelle vous accueille tous les jours de la semaine et vous montrera les lieux incontournables, loin des sentiers battus, pour d\u00e9couvrir Mazargues et le parc naturel des calanques. \u00c0 la nuit, \u00e0 la semaine ou au mois, notre chambre d&rsquo;h\u00f4tes vous [&hellip;]","og_url":"https:\/\/www.small-hostel-la-girelle.com\/fr\/tarifs-de-notre-petite-auberge-a-marseille\/","og_site_name":"La Girelle - Small Hostel Marseille","article_modified_time":"2025-09-16T10:11:30+00:00","twitter_card":"summary_large_image","twitter_misc":{"Dur\u00e9e de lecture estim\u00e9e":"2 minutes"},"schema":{"@context":"https:\/\/schema.org","@graph":[{"@type":"WebPage","@id":"https:\/\/www.small-hostel-la-girelle.com\/fr\/tarifs-de-notre-petite-auberge-a-marseille\/","url":"https:\/\/www.small-hostel-la-girelle.com\/fr\/tarifs-de-notre-petite-auberge-a-marseille\/","name":"Tarifs de notre petite auberge \u00e0 Marseille - La Girelle - Small Hostel Marseille","isPartOf":{"@id":"https:\/\/www.small-hostel-la-girelle.com\/#website"},"datePublished":"2016-07-20T14:13:23+00:00","dateModified":"2025-09-16T10:11:30+00:00","breadcrumb":{"@id":"https:\/\/www.small-hostel-la-girelle.com\/fr\/tarifs-de-notre-petite-auberge-a-marseille\/#breadcrumb"},"inLanguage":"fr-FR","potentialAction":[{"@type":"ReadAction","target":["https:\/\/www.small-hostel-la-girelle.com\/fr\/tarifs-de-notre-petite-auberge-a-marseille\/"]}]},{"@type":"BreadcrumbList","@id":"https:\/\/www.small-hostel-la-girelle.com\/fr\/tarifs-de-notre-petite-auberge-a-marseille\/#breadcrumb","itemListElement":[{"@type":"ListItem","position":1,"name":"Accueil","item":"https:\/\/www.small-hostel-la-girelle.com\/fr\/"},{"@type":"ListItem","position":2,"name":"Tarifs de notre petite auberge \u00e0 Marseille"}]},{"@type":"WebSite","@id":"https:\/\/www.small-hostel-la-girelle.com\/#website","url":"https:\/\/www.small-hostel-la-girelle.com\/","name":"La Girelle - Small Hostel Marseille","description":"hostel marseille, cheap &amp; small","publisher":{"@id":"https:\/\/www.small-hostel-la-girelle.com\/#organization"},"alternateName":"Hostel Marseille","potentialAction":[{"@type":"SearchAction","target":{"@type":"EntryPoint","urlTemplate":"https:\/\/www.small-hostel-la-girelle.com\/?s={search_term_string}"},"query-input":"required name=search_term_string"}],"inLanguage":"fr-FR"},{"@type":"Organization","@id":"https:\/\/www.small-hostel-la-girelle.com\/#organization","name":"La Girelle - Small Hostel Marseille","url":"https:\/\/www.small-hostel-la-girelle.com\/","logo":{"@type":"ImageObject","inLanguage":"fr-FR","@id":"https:\/\/www.small-hostel-la-girelle.com\/#\/schema\/logo\/image\/","url":"https:\/\/www.small-hostel-la-girelle.com\/files\/2016\/09\/cropped-logo-small-hostel-la-girelle.png","contentUrl":"https:\/\/www.small-hostel-la-girelle.com\/files\/2016\/09\/cropped-logo-small-hostel-la-girelle.png","width":448,"height":92,"caption":"La Girelle - Small Hostel Marseille"},"image":{"@id":"https:\/\/www.small-hostel-la-girelle.com\/#\/schema\/logo\/image\/"}}]}},"_links":{"self":[{"href":"https:\/\/www.small-hostel-la-girelle.com\/fr\/wp-json\/wp\/v2\/pages\/49"}],"collection":[{"href":"https:\/\/www.small-hostel-la-girelle.com\/fr\/wp-json\/wp\/v2\/pages"}],"about":[{"href":"https:\/\/www.small-hostel-la-girelle.com\/fr\/wp-json\/wp\/v2\/types\/page"}],"author":[{"embeddable":true,"href":"https:\/\/www.small-hostel-la-girelle.com\/fr\/wp-json\/wp\/v2\/users\/3"}],"replies":[{"embeddable":true,"href":"https:\/\/www.small-hostel-la-girelle.com\/fr\/wp-json\/wp\/v2\/comments?post=49"}],"version-history":[{"count":28,"href":"https:\/\/www.small-hostel-la-girelle.com\/fr\/wp-json\/wp\/v2\/pages\/49\/revisions"}],"predecessor-version":[{"id":1497,"href":"https:\/\/www.small-hostel-la-girelle.com\/fr\/wp-json\/wp\/v2\/pages\/49\/revisions\/1497"}],"wp:attachment":[{"href":"https:\/\/www.small-hostel-la-girelle.com\/fr\/wp-json\/wp\/v2\/media?parent=49"}],"curies":[{"name":"wp","href":"https:\/\/api.w.org\/{rel}","templated":true}]}}