{"id":22,"date":"2016-07-19T10:42:58","date_gmt":"2016-07-19T08:42:58","guid":{"rendered":"http:\/\/lagirelle.labanane-hostel.com\/?page_id=22&#038;lang=fr"},"modified":"2024-03-19T12:27:32","modified_gmt":"2024-03-19T11:27:32","slug":"activites-a-marseille-sud","status":"publish","type":"page","link":"https:\/\/www.small-hostel-la-girelle.com\/fr\/activites-a-marseille-sud\/","title":{"rendered":"Activit\u00e9s \u00e0 Marseille proche de La Girelle"},"content":{"rendered":"<div class=\"wpb-content-wrapper\"><p>[vc_row css=\u00a0\u00bb.vc_custom_1494838920340{border-radius: 5px !important;}\u00a0\u00bb show_bump=\u00a0\u00bbtrue\u00a0\u00bb][vc_column width=\u00a0\u00bb1\/2&Prime;][vc_column_text]Notre auberge est situ\u00e9e dans le quartier de <strong>Mazargues<\/strong>. D&rsquo;ici, il y a de nombreuses <strong>attractions touristiques<\/strong>. Pour les personnes qui aiment le <strong>camping, la randonn\u00e9e, l&rsquo;escalade, le kayak, la plong\u00e9e, l&rsquo;exploration d&rsquo;une ville<\/strong> ou simplement profiter d&rsquo;une <strong>belle vue<\/strong>, la <strong>Provence<\/strong> est id\u00e9ale car elle offre toutes ces options. Voici une s\u00e9lection de plusieurs lieux incontournables de <strong>Marseille<\/strong> dans un rayon de 6 km de notre <a href=\"https:\/\/www.small-hostel-la-girelle.com\/\"><strong>Petite Auberge La Girelle<\/strong><\/a> : \u00e0 pied, en bus ou en m\u00e9tro, autant de possibilit\u00e9s de d\u00e9couvrir les environs de notre ville.[\/vc_column_text][vc_empty_space][vc_video link=\u00a0\u00bbhttps:\/\/youtu.be\/Ko5QAQ20JOs\u00a0\u00bb align=\u00a0\u00bbcenter\u00a0\u00bb][\/vc_column][vc_column width=\u00a0\u00bb1\/2&Prime;][vc_row_inner css=\u00a0\u00bb.vc_custom_1494838938459{padding: 30px !important;background-color: #f6c392 !important;border-radius: 5px !important;}\u00a0\u00bb][vc_column_inner][vc_gallery type=\u00a0\u00bbflexslider_slide\u00a0\u00bb interval=\u00a0\u00bb3&Prime; images=\u00a0\u00bb414,412,411,410,409,408,407,406,405,404,403,402,401,400,399,398,397,396,395,394,393&Prime; img_size=\u00a0\u00bbmedium\u00a0\u00bb][\/vc_column_inner][\/vc_row_inner][\/vc_column][\/vc_row][vc_row][vc_column width=\u00a0\u00bb1\/2&Prime;][vc_empty_space][vc_column_text]<span style=\"text-decoration: underline;\">Dans un rayon de 6 km, une multitude d&rsquo;activit\u00e9s possibles :<\/span><\/p>\n<ul>\n<li><strong>6 km : La Corniche<\/strong> &#8211; une promenade le long de la mer, surplomb\u00e9e par des villas luxueuses du 19e si\u00e8cle, offre des vues magnifiques sur la baie de Marseille et ses \u00eeles. D\u00e9part : plage des Catalans &#8211; Arriv\u00e9e : parc baln\u00e9aire du Prado<\/li>\n<li><strong>6 km : La Canebi\u00e8re<\/strong> &#8211; l&rsquo;art\u00e8re la plus c\u00e9l\u00e8bre de Marseille. Infr\u00e9quentable jusqu&rsquo;aux ann\u00e9es 2000, le quartier compte d\u00e9sormais de bonnes adresses branch\u00e9es.<\/li>\n<li><strong>6 km : Le Vieux Port<\/strong> \u2013 Depuis sa r\u00e9habilitation, le Vieux Port est incontestablement le c\u0153ur de Marseille : rassemblement de foule, point de d\u00e9part pour les excursions, rendez-vous quotidien du march\u00e9 aux poissons&#8230; Un lieu qui ne laisse pas indiff\u00e9rent !<\/li>\n<li><strong>6 km : La place du march\u00e9 des Capucins<\/strong> &#8211; Un march\u00e9 de primeurs se tient tous les jours. Un espace bouillonnant dont l&rsquo;humanit\u00e9 unique donne un caract\u00e8re unique \u00e0 la ville.<\/li>\n<li><strong>6 km : Le Vallon des Auffes<\/strong> &#8211; Un lieu typiquement marseillais : ses petites maisons en bois, sa flottille de bateaux, sa luminosit\u00e9 vous plongeront dans un d\u00e9cor d&rsquo;op\u00e9rette incontournable<\/li>\n<li><strong>6 km : La Basilique Saint-Victor<\/strong> &#8211; Une ancienne abbaye fond\u00e9e au 5e si\u00e8cle. Ne manquez pas sa crypte, sa grotte et ses catacombes.<\/li>\n<li><strong>5,5 km : Sugiton<\/strong> &#8211; Facilement accessible \u00e0 pied, cette belle crique offre une petite plage de galets et quelques coins ombrag\u00e9s.<\/li>\n<li><strong>5,5 km : Les Goudes<\/strong> \u2013 Un lieu totalement atypique qui garantit un d\u00e9paysement assur\u00e9. Vous \u00eates alors au bout du monde, dans un petit port de p\u00eache, entour\u00e9 de criques pour la plong\u00e9e ou la baignade.<\/li>\n<li><strong>5,5 km : Les Calanques de Morgiou<\/strong> \u2013 Un cadre rest\u00e9 sauvage et dont la pr\u00e9sence humaine est limit\u00e9e : petites criques id\u00e9ales pour la baignade, cabanons, un port&#8230; un coin de paradis.<\/li>\n<\/ul>\n<p>[\/vc_column_text][\/vc_column][vc_column width=\u00a0\u00bb1\/2&Prime;][vc_empty_space][vc_column_text]<\/p>\n<ul>\n<li><strong>5 km : La Basilique Notre Dame de la Garde<\/strong> &#8211; Son panorama incomparable sur tout Marseille vaut bien une premi\u00e8re place dans les lieux incontournables \u00e0 visiter lors de votre s\u00e9jour \u00e0 Marseille !<\/li>\n<li><strong>4,5 km : Les Calanques de Sormiou<\/strong> \u2013 Un lieu magique qui rec\u00e8le de petits tr\u00e9sors naturels : cabanons, plage, petits ports. La calanque de r\u00e9f\u00e9rence pour les Marseillais.<\/li>\n<li><strong>3 km : La promenade de la plage<\/strong> \u2013 Extension de la Corniche, elle d\u00e9noue un ensemble de bassins de plaisance et de plages artificielles bord\u00e9es de pelouses. Point de rendez-vous pour tous les passionn\u00e9s de sport.<\/li>\n<li><strong>3 km : Callelongue<\/strong> &#8211; Une crique en miniature est un point de d\u00e9part vers de nombreuses calanques de Marseille. De petits cabanons de p\u00eacheurs vous mettent dans une ambiance typiquement locale.<\/li>\n<li><strong>2 km : Le parc Bor\u00e9ly<\/strong> \u2013Id\u00e9al pour se promener, vous pouvez vous d\u00e9tendre dans la partie bois\u00e9e, sur les vastes pelouses ombrag\u00e9es et d\u00e9couvrir son roseraie et son jardin botanique.<\/li>\n<li><strong>2 km :La cit\u00e9 radieuse du Corbusier<\/strong>\u2013 Visite libre ou guid\u00e9e, vous d\u00e9couvrirez un principe de ville insolite, con\u00e7u par Le Corbusier avec pour objectif de r\u00e9inventer, repenser l&rsquo;habitat collectif.<\/li>\n<\/ul>\n<p>[\/vc_column_text][\/vc_column][\/vc_row][vc_row][vc_column][vc_empty_space][vc_column_text]<\/p>\n<h3>PARTENAIRES<\/h3>\n<p>[\/vc_column_text][\/vc_column][\/vc_row][vc_row][vc_column width=\u00a0\u00bb1\/2&Prime;][vc_row_inner][vc_column_inner width=\u00a0\u00bb1\/4&Prime;][vc_single_image image=\u00a0\u00bb207&Prime; img_size=\u00a0\u00bbfull\u00a0\u00bb alignment=\u00a0\u00bbcenter\u00a0\u00bb][\/vc_column_inner][vc_column_inner width=\u00a0\u00bb3\/4&Prime;][vc_column_text]<\/p>\n<p style=\"text-align: justify;\"><strong>Backpackers Chez Patrick<\/strong><br \/>\n32, Rue Pertinax, 1er \u00e9tage<br \/>\n06000 Nice, FRANCE<\/p>\n<p>T\u00e9l. : +33 (0) 04 93 80 30 72<br \/>\nMobile : +33 (0) 06 13 25 29 31<br \/>\nFax :+33 (0) 04 93 79 61 45<\/p>\n<p>Email : <a href=\"mailto:bookpat@chezpatrick.com\">bookpat@chezpatrick.com<br \/>\n<\/a>Sites Internet : <a href=\"http:\/\/www.chezpatrick.com\">www.chezpatrick.com<\/a><br \/>\n<a href=\"http:\/\/www.backpackerschezpatrick.com\"> www.backpackerschezpatrick.com<\/a>[\/vc_column_text][\/vc_column_inner][\/vc_row_inner][vc_empty_space][vc_row_inner][vc_column_inner width=\u00a0\u00bb1\/4&Prime;][vc_single_image image=\u00a0\u00bb391&Prime; img_size=\u00a0\u00bbfull\u00a0\u00bb alignment=\u00a0\u00bbcenter\u00a0\u00bb][\/vc_column_inner][vc_column_inner width=\u00a0\u00bb3\/4&Prime;][vc_column_text]<strong>Atoll Club de plong\u00e9e<\/strong><br \/>\n31, traverse Prat<br \/>\n13008 Marseille<\/p>\n<p>T\u00e9l. : +33 (0) 4 91 72 18 14<br \/>\nMob. : +33(0) 6 11 54 71 40<strong class=\"titre\"><br \/>\n<\/strong><\/p>\n<p>Email : info@atollplongee.com[\/vc_column_text][\/vc_column_inner][\/vc_row_inner][vc_empty_space][\/vc_column][vc_column width=\u00a0\u00bb1\/2&Prime;][vc_row_inner][vc_column_inner width=\u00a0\u00bb1\/4&Prime;][vc_single_image image=\u00a0\u00bb206&Prime; img_size=\u00a0\u00bbfull\u00a0\u00bb alignment=\u00a0\u00bbcenter\u00a0\u00bb][\/vc_column_inner][vc_column_inner width=\u00a0\u00bb3\/4&Prime;][vc_column_text]<strong>Moto Moretti<\/strong><br \/>\n33 avenue de la Corse &#8211; 13007 MARSEILLE<br \/>\nT\u00e9l : 04.91.52.43.60<br \/>\nE-mail: contact@motomoretti.fr[\/vc_column_text][\/vc_column_inner][\/vc_row_inner][vc_empty_space][vc_row_inner][vc_column_inner width=\u00a0\u00bb1\/4&Prime;][vc_single_image image=\u00a0\u00bb440&Prime; img_size=\u00a0\u00bbfull\u00a0\u00bb alignment=\u00a0\u00bbcenter\u00a0\u00bb][\/vc_column_inner][vc_column_inner width=\u00a0\u00bb3\/4&Prime;][vc_column_text]<span class=\"credits grid_10 clearbothcenter padding-top-20\"><strong>JCF boat services<br \/>\n<\/strong>24 Rue du G\u00e9n\u00e9ral Bonaparte<br \/>\n13260 CASSIS<\/span><\/p>\n<p><span class=\"credits grid_10 clearbothcenter padding-top-20\">T\u00e9l: 06-75-74-25-81<br \/>\nEmail : contact@jcfboat.com<\/span>[\/vc_column_text][\/vc_column_inner][\/vc_row_inner][\/vc_column][\/vc_row]<\/p>\n<\/div>","protected":false},"excerpt":{"rendered":"<p>[vc_row css=\u00a0\u00bb.vc_custom_1494838920340{border-radius: 5px !important;}\u00a0\u00bb show_bump=\u00a0\u00bbtrue\u00a0\u00bb][vc_column width=\u00a0\u00bb1\/2&Prime;][vc_column_text]Notre auberge est situ\u00e9e dans le quartier de Mazargues. D&rsquo;ici, il y a de nombreuses attractions touristiques. Pour les personnes qui aiment le camping, la randonn\u00e9e, l&rsquo;escalade, le kayak, la plong\u00e9e, l&rsquo;exploration d&rsquo;une ville ou simplement profiter d&rsquo;une belle vue, la Provence est id\u00e9ale car elle offre toutes ces options. [&hellip;]<\/p>\n","protected":false},"author":3,"featured_media":0,"parent":0,"menu_order":0,"comment_status":"closed","ping_status":"closed","template":"","meta":{"footnotes":""},"yoast_head":"<!-- This site is optimized with the Yoast SEO plugin v22.3 - https:\/\/yoast.com\/wordpress\/plugins\/seo\/ -->\n<title>Activit\u00e9s \u00e0 Marseille proche de La Girelle - La Girelle - Small Hostel Marseille<\/title>\n<meta name=\"robots\" content=\"index, follow, max-snippet:-1, max-image-preview:large, max-video-preview:-1\" \/>\n<link rel=\"canonical\" href=\"https:\/\/www.small-hostel-la-girelle.com\/fr\/activites-a-marseille-sud\/\" \/>\n<meta property=\"og:locale\" content=\"fr_FR\" \/>\n<meta property=\"og:type\" content=\"article\" \/>\n<meta property=\"og:title\" content=\"Activit\u00e9s \u00e0 Marseille proche de La Girelle - La Girelle - Small Hostel Marseille\" \/>\n<meta property=\"og:description\" content=\"[vc_row css=\u00a0\u00bb.vc_custom_1494838920340{border-radius: 5px !important;}\u00a0\u00bb show_bump=\u00a0\u00bbtrue\u00a0\u00bb][vc_column width=\u00a0\u00bb1\/2&Prime;][vc_column_text]Notre auberge est situ\u00e9e dans le quartier de Mazargues. D&rsquo;ici, il y a de nombreuses attractions touristiques. Pour les personnes qui aiment le camping, la randonn\u00e9e, l&rsquo;escalade, le kayak, la plong\u00e9e, l&rsquo;exploration d&rsquo;une ville ou simplement profiter d&rsquo;une belle vue, la Provence est id\u00e9ale car elle offre toutes ces options. [&hellip;]\" \/>\n<meta property=\"og:url\" content=\"https:\/\/www.small-hostel-la-girelle.com\/fr\/activites-a-marseille-sud\/\" \/>\n<meta property=\"og:site_name\" content=\"La Girelle - Small Hostel Marseille\" \/>\n<meta property=\"article:modified_time\" content=\"2024-03-19T11:27:32+00:00\" \/>\n<meta name=\"twitter:card\" content=\"summary_large_image\" \/>\n<meta name=\"twitter:label1\" content=\"Dur\u00e9e de lecture estim\u00e9e\" \/>\n\t<meta name=\"twitter:data1\" content=\"4 minutes\" \/>\n<script type=\"application\/ld+json\" class=\"yoast-schema-graph\">{\"@context\":\"https:\/\/schema.org\",\"@graph\":[{\"@type\":\"WebPage\",\"@id\":\"https:\/\/www.small-hostel-la-girelle.com\/fr\/activites-a-marseille-sud\/\",\"url\":\"https:\/\/www.small-hostel-la-girelle.com\/fr\/activites-a-marseille-sud\/\",\"name\":\"Activit\u00e9s \u00e0 Marseille proche de La Girelle - La Girelle - Small Hostel Marseille\",\"isPartOf\":{\"@id\":\"https:\/\/www.small-hostel-la-girelle.com\/#website\"},\"datePublished\":\"2016-07-19T08:42:58+00:00\",\"dateModified\":\"2024-03-19T11:27:32+00:00\",\"breadcrumb\":{\"@id\":\"https:\/\/www.small-hostel-la-girelle.com\/fr\/activites-a-marseille-sud\/#breadcrumb\"},\"inLanguage\":\"fr-FR\",\"potentialAction\":[{\"@type\":\"ReadAction\",\"target\":[\"https:\/\/www.small-hostel-la-girelle.com\/fr\/activites-a-marseille-sud\/\"]}]},{\"@type\":\"BreadcrumbList\",\"@id\":\"https:\/\/www.small-hostel-la-girelle.com\/fr\/activites-a-marseille-sud\/#breadcrumb\",\"itemListElement\":[{\"@type\":\"ListItem\",\"position\":1,\"name\":\"Accueil\",\"item\":\"https:\/\/www.small-hostel-la-girelle.com\/fr\/\"},{\"@type\":\"ListItem\",\"position\":2,\"name\":\"Activit\u00e9s \u00e0 Marseille proche de La Girelle\"}]},{\"@type\":\"WebSite\",\"@id\":\"https:\/\/www.small-hostel-la-girelle.com\/#website\",\"url\":\"https:\/\/www.small-hostel-la-girelle.com\/\",\"name\":\"La Girelle - Small Hostel Marseille\",\"description\":\"hostel marseille, cheap &amp; small\",\"publisher\":{\"@id\":\"https:\/\/www.small-hostel-la-girelle.com\/#organization\"},\"alternateName\":\"Hostel Marseille\",\"potentialAction\":[{\"@type\":\"SearchAction\",\"target\":{\"@type\":\"EntryPoint\",\"urlTemplate\":\"https:\/\/www.small-hostel-la-girelle.com\/?s={search_term_string}\"},\"query-input\":\"required name=search_term_string\"}],\"inLanguage\":\"fr-FR\"},{\"@type\":\"Organization\",\"@id\":\"https:\/\/www.small-hostel-la-girelle.com\/#organization\",\"name\":\"La Girelle - Small Hostel Marseille\",\"url\":\"https:\/\/www.small-hostel-la-girelle.com\/\",\"logo\":{\"@type\":\"ImageObject\",\"inLanguage\":\"fr-FR\",\"@id\":\"https:\/\/www.small-hostel-la-girelle.com\/#\/schema\/logo\/image\/\",\"url\":\"https:\/\/www.small-hostel-la-girelle.com\/files\/2016\/09\/cropped-logo-small-hostel-la-girelle.png\",\"contentUrl\":\"https:\/\/www.small-hostel-la-girelle.com\/files\/2016\/09\/cropped-logo-small-hostel-la-girelle.png\",\"width\":448,\"height\":92,\"caption\":\"La Girelle - Small Hostel Marseille\"},\"image\":{\"@id\":\"https:\/\/www.small-hostel-la-girelle.com\/#\/schema\/logo\/image\/\"}}]}<\/script>\n<!-- \/ Yoast SEO plugin. -->","yoast_head_json":{"title":"Activit\u00e9s \u00e0 Marseille proche de La Girelle - La Girelle - Small Hostel Marseille","robots":{"index":"index","follow":"follow","max-snippet":"max-snippet:-1","max-image-preview":"max-image-preview:large","max-video-preview":"max-video-preview:-1"},"canonical":"https:\/\/www.small-hostel-la-girelle.com\/fr\/activites-a-marseille-sud\/","og_locale":"fr_FR","og_type":"article","og_title":"Activit\u00e9s \u00e0 Marseille proche de La Girelle - La Girelle - Small Hostel Marseille","og_description":"[vc_row css=\u00a0\u00bb.vc_custom_1494838920340{border-radius: 5px !important;}\u00a0\u00bb show_bump=\u00a0\u00bbtrue\u00a0\u00bb][vc_column width=\u00a0\u00bb1\/2&Prime;][vc_column_text]Notre auberge est situ\u00e9e dans le quartier de Mazargues. D&rsquo;ici, il y a de nombreuses attractions touristiques. Pour les personnes qui aiment le camping, la randonn\u00e9e, l&rsquo;escalade, le kayak, la plong\u00e9e, l&rsquo;exploration d&rsquo;une ville ou simplement profiter d&rsquo;une belle vue, la Provence est id\u00e9ale car elle offre toutes ces options. [&hellip;]","og_url":"https:\/\/www.small-hostel-la-girelle.com\/fr\/activites-a-marseille-sud\/","og_site_name":"La Girelle - Small Hostel Marseille","article_modified_time":"2024-03-19T11:27:32+00:00","twitter_card":"summary_large_image","twitter_misc":{"Dur\u00e9e de lecture estim\u00e9e":"4 minutes"},"schema":{"@context":"https:\/\/schema.org","@graph":[{"@type":"WebPage","@id":"https:\/\/www.small-hostel-la-girelle.com\/fr\/activites-a-marseille-sud\/","url":"https:\/\/www.small-hostel-la-girelle.com\/fr\/activites-a-marseille-sud\/","name":"Activit\u00e9s \u00e0 Marseille proche de La Girelle - La Girelle - Small Hostel Marseille","isPartOf":{"@id":"https:\/\/www.small-hostel-la-girelle.com\/#website"},"datePublished":"2016-07-19T08:42:58+00:00","dateModified":"2024-03-19T11:27:32+00:00","breadcrumb":{"@id":"https:\/\/www.small-hostel-la-girelle.com\/fr\/activites-a-marseille-sud\/#breadcrumb"},"inLanguage":"fr-FR","potentialAction":[{"@type":"ReadAction","target":["https:\/\/www.small-hostel-la-girelle.com\/fr\/activites-a-marseille-sud\/"]}]},{"@type":"BreadcrumbList","@id":"https:\/\/www.small-hostel-la-girelle.com\/fr\/activites-a-marseille-sud\/#breadcrumb","itemListElement":[{"@type":"ListItem","position":1,"name":"Accueil","item":"https:\/\/www.small-hostel-la-girelle.com\/fr\/"},{"@type":"ListItem","position":2,"name":"Activit\u00e9s \u00e0 Marseille proche de La Girelle"}]},{"@type":"WebSite","@id":"https:\/\/www.small-hostel-la-girelle.com\/#website","url":"https:\/\/www.small-hostel-la-girelle.com\/","name":"La Girelle - Small Hostel Marseille","description":"hostel marseille, cheap &amp; small","publisher":{"@id":"https:\/\/www.small-hostel-la-girelle.com\/#organization"},"alternateName":"Hostel Marseille","potentialAction":[{"@type":"SearchAction","target":{"@type":"EntryPoint","urlTemplate":"https:\/\/www.small-hostel-la-girelle.com\/?s={search_term_string}"},"query-input":"required name=search_term_string"}],"inLanguage":"fr-FR"},{"@type":"Organization","@id":"https:\/\/www.small-hostel-la-girelle.com\/#organization","name":"La Girelle - Small Hostel Marseille","url":"https:\/\/www.small-hostel-la-girelle.com\/","logo":{"@type":"ImageObject","inLanguage":"fr-FR","@id":"https:\/\/www.small-hostel-la-girelle.com\/#\/schema\/logo\/image\/","url":"https:\/\/www.small-hostel-la-girelle.com\/files\/2016\/09\/cropped-logo-small-hostel-la-girelle.png","contentUrl":"https:\/\/www.small-hostel-la-girelle.com\/files\/2016\/09\/cropped-logo-small-hostel-la-girelle.png","width":448,"height":92,"caption":"La Girelle - Small Hostel Marseille"},"image":{"@id":"https:\/\/www.small-hostel-la-girelle.com\/#\/schema\/logo\/image\/"}}]}},"_links":{"self":[{"href":"https:\/\/www.small-hostel-la-girelle.com\/fr\/wp-json\/wp\/v2\/pages\/22"}],"collection":[{"href":"https:\/\/www.small-hostel-la-girelle.com\/fr\/wp-json\/wp\/v2\/pages"}],"about":[{"href":"https:\/\/www.small-hostel-la-girelle.com\/fr\/wp-json\/wp\/v2\/types\/page"}],"author":[{"embeddable":true,"href":"https:\/\/www.small-hostel-la-girelle.com\/fr\/wp-json\/wp\/v2\/users\/3"}],"replies":[{"embeddable":true,"href":"https:\/\/www.small-hostel-la-girelle.com\/fr\/wp-json\/wp\/v2\/comments?post=22"}],"version-history":[{"count":24,"href":"https:\/\/www.small-hostel-la-girelle.com\/fr\/wp-json\/wp\/v2\/pages\/22\/revisions"}],"predecessor-version":[{"id":891,"href":"https:\/\/www.small-hostel-la-girelle.com\/fr\/wp-json\/wp\/v2\/pages\/22\/revisions\/891"}],"wp:attachment":[{"href":"https:\/\/www.small-hostel-la-girelle.com\/fr\/wp-json\/wp\/v2\/media?parent=22"}],"curies":[{"name":"wp","href":"https:\/\/api.w.org\/{rel}","templated":true}]}}