{"id":215,"date":"2016-09-01T12:02:49","date_gmt":"2016-09-01T10:02:49","guid":{"rendered":"http:\/\/lagirelle.labanane-hostel.com\/fr\/photos-gallery\/"},"modified":"2024-03-19T11:38:49","modified_gmt":"2024-03-19T10:38:49","slug":"album-photos","status":"publish","type":"page","link":"https:\/\/www.small-hostel-la-girelle.com\/fr\/album-photos\/","title":{"rendered":"Bienvenue dans l&rsquo;album photos de La Girelle"},"content":{"rendered":"<div class=\"wpb-content-wrapper\"><p>[vc_row][vc_column][vc_column_text]<\/p>\n<h2 style=\"text-align: center;\">Voici quelques-unes des meilleures photos de notre<a href=\"http:\/\/lagirelle.labanane-hostel.com\/small-hostel-guesthouse-marseille\/\"> <strong>petite auberge<\/strong><\/a> La Girelle et de certaines <a href=\"http:\/\/lagirelle.labanane-hostel.com\/activities-marseille\/\"><strong>activit\u00e9s \u00e0 Marseille<\/strong><\/a><\/h2>\n<p>[\/vc_column_text][vc_gallery type=\u00a0\u00bbimage_grid\u00a0\u00bb images=\u00a0\u00bb645,647,649,651,653,655,657,659,661,663,665,667,669,671,673,382,383,384,385,381,378,380,379,454,455,464,465,466,468,456,414,393,394,395,396,397,398,399,400,401,402,403,404,405,406,407,408,409,410,411,412&Prime;][vc_column_text]<\/p>\n<p>Notre petite auberge cosy est nich\u00e9e au c\u0153ur de <strong>Marseille<\/strong>. Embarquez pour un voyage visuel depuis cette page qui offre un aper\u00e7u de l&rsquo;exp\u00e9rience unique de routard qui vous attend.<\/p>\n<h2>Explorez les paysages \u00e0 couper le souffle de Marseille<\/h2>\n<p>Notre auberge est votre porte d&rsquo;entr\u00e9e vers les endroits les plus fascinants et pittoresques de la r\u00e9gion. Notre galerie photo donne vie \u00e0 ces exp\u00e9riences, mettant en vedette les plages locales stup\u00e9fiantes, les criques vibrantes et les majestueuses <strong>Calanques<\/strong>. Que vous soyez un routard enthousiaste ou un voyageur d\u00e9tendu, notre galerie donne un avant-go\u00fbt de la beaut\u00e9 et de l&rsquo;aventure qui vous attendent.<\/p>\n<h2>Un aper\u00e7u de La Girelle<\/h2>\n<p>Chaque image de notre galerie encapsule les exp\u00e9riences inoubliables que nos invit\u00e9s ont v\u00e9cues en s\u00e9journant \u00e0 La Girelle. Notre petite auberge est bien plus qu&rsquo;un simple lieu de s\u00e9jour &#8211; c&rsquo;est un tremplin pour explorer <strong>Marseille<\/strong> et cr\u00e9er des souvenirs pour la vie.<\/p>\n<p>D\u00e9couvrez le charme unique de notre auberge, les espaces communs con\u00e7us pour favoriser la connexion, le confort de nos h\u00e9bergements et la vivacit\u00e9 de l&rsquo;environnement local \u00e0 travers nos photos. Chaque image capture une tranche de l&rsquo;exp\u00e9rience authentique marseillaise que La Girelle s&rsquo;efforce d&rsquo;offrir \u00e0 chaque invit\u00e9.<\/p>\n<h2>Votre aventure marseillaise vous attend<\/h2>\n<p>Ne vous contentez pas de voir Marseille \u00e0 travers les yeux des autres, venez l&rsquo;exp\u00e9rimenter par vous-m\u00eame. Planifiez votre s\u00e9jour \u00e0 <strong>La Girelle<\/strong>, votre petite auberge \u00e0 Marseille, et commencez \u00e0 cr\u00e9er vos propres moments inoubliables. Nous avons h\u00e2te de vous accueillir !<\/p>\n<p>[\/vc_column_text][\/vc_column][\/vc_row]<\/p>\n<\/div>","protected":false},"excerpt":{"rendered":"<p>[vc_row][vc_column][vc_column_text] Voici quelques-unes des meilleures photos de notre petite auberge La Girelle et de certaines activit\u00e9s \u00e0 Marseille [\/vc_column_text][vc_gallery type=\u00a0\u00bbimage_grid\u00a0\u00bb images=\u00a0\u00bb645,647,649,651,653,655,657,659,661,663,665,667,669,671,673,382,383,384,385,381,378,380,379,454,455,464,465,466,468,456,414,393,394,395,396,397,398,399,400,401,402,403,404,405,406,407,408,409,410,411,412&Prime;][vc_column_text] Notre petite auberge cosy est nich\u00e9e au c\u0153ur de Marseille. Embarquez pour un voyage visuel depuis cette page qui offre un aper\u00e7u de l&rsquo;exp\u00e9rience unique de routard qui vous attend. Explorez les paysages \u00e0 [&hellip;]<\/p>\n","protected":false},"author":1,"featured_media":0,"parent":0,"menu_order":0,"comment_status":"closed","ping_status":"closed","template":"","meta":{"footnotes":""},"yoast_head":"<!-- This site is optimized with the Yoast SEO plugin v22.3 - https:\/\/yoast.com\/wordpress\/plugins\/seo\/ -->\n<title>Experience Marseille Through Our Photo Gallery - La Girelle - Small Hostel Marseille<\/title>\n<meta name=\"description\" content=\"Explore La Girelle, our cozy guesthouse in Marseille, through our captivating photo gallery. Dive into scenic images of local beaches, vibrant creeks, and the stunning Calanques. Get a taste of the beauty that awaits you in Marseille.\" \/>\n<meta name=\"robots\" content=\"index, follow, max-snippet:-1, max-image-preview:large, max-video-preview:-1\" \/>\n<link rel=\"canonical\" href=\"https:\/\/www.small-hostel-la-girelle.com\/fr\/album-photos\/\" \/>\n<meta property=\"og:locale\" content=\"fr_FR\" \/>\n<meta property=\"og:type\" content=\"article\" \/>\n<meta property=\"og:title\" content=\"Experience Marseille Through Our Photo Gallery - La Girelle - Small Hostel Marseille\" \/>\n<meta property=\"og:description\" content=\"Explore La Girelle, our cozy guesthouse in Marseille, through our captivating photo gallery. Dive into scenic images of local beaches, vibrant creeks, and the stunning Calanques. Get a taste of the beauty that awaits you in Marseille.\" \/>\n<meta property=\"og:url\" content=\"https:\/\/www.small-hostel-la-girelle.com\/fr\/album-photos\/\" \/>\n<meta property=\"og:site_name\" content=\"La Girelle - Small Hostel Marseille\" \/>\n<meta property=\"article:modified_time\" content=\"2024-03-19T10:38:49+00:00\" \/>\n<meta name=\"twitter:card\" content=\"summary_large_image\" \/>\n<meta name=\"twitter:label1\" content=\"Dur\u00e9e de lecture estim\u00e9e\" \/>\n\t<meta name=\"twitter:data1\" content=\"2 minutes\" \/>\n<script type=\"application\/ld+json\" class=\"yoast-schema-graph\">{\"@context\":\"https:\/\/schema.org\",\"@graph\":[{\"@type\":\"WebPage\",\"@id\":\"https:\/\/www.small-hostel-la-girelle.com\/fr\/album-photos\/\",\"url\":\"https:\/\/www.small-hostel-la-girelle.com\/fr\/album-photos\/\",\"name\":\"Experience Marseille Through Our Photo Gallery - La Girelle - Small Hostel Marseille\",\"isPartOf\":{\"@id\":\"https:\/\/www.small-hostel-la-girelle.com\/#website\"},\"datePublished\":\"2016-09-01T10:02:49+00:00\",\"dateModified\":\"2024-03-19T10:38:49+00:00\",\"description\":\"Explore La Girelle, our cozy guesthouse in Marseille, through our captivating photo gallery. Dive into scenic images of local beaches, vibrant creeks, and the stunning Calanques. Get a taste of the beauty that awaits you in Marseille.\",\"breadcrumb\":{\"@id\":\"https:\/\/www.small-hostel-la-girelle.com\/fr\/album-photos\/#breadcrumb\"},\"inLanguage\":\"fr-FR\",\"potentialAction\":[{\"@type\":\"ReadAction\",\"target\":[\"https:\/\/www.small-hostel-la-girelle.com\/fr\/album-photos\/\"]}]},{\"@type\":\"BreadcrumbList\",\"@id\":\"https:\/\/www.small-hostel-la-girelle.com\/fr\/album-photos\/#breadcrumb\",\"itemListElement\":[{\"@type\":\"ListItem\",\"position\":1,\"name\":\"Accueil\",\"item\":\"https:\/\/www.small-hostel-la-girelle.com\/fr\/\"},{\"@type\":\"ListItem\",\"position\":2,\"name\":\"Bienvenue dans l&rsquo;album photos de La Girelle\"}]},{\"@type\":\"WebSite\",\"@id\":\"https:\/\/www.small-hostel-la-girelle.com\/#website\",\"url\":\"https:\/\/www.small-hostel-la-girelle.com\/\",\"name\":\"La Girelle - Small Hostel Marseille\",\"description\":\"hostel marseille, cheap &amp; small\",\"publisher\":{\"@id\":\"https:\/\/www.small-hostel-la-girelle.com\/#organization\"},\"alternateName\":\"Hostel Marseille\",\"potentialAction\":[{\"@type\":\"SearchAction\",\"target\":{\"@type\":\"EntryPoint\",\"urlTemplate\":\"https:\/\/www.small-hostel-la-girelle.com\/?s={search_term_string}\"},\"query-input\":\"required name=search_term_string\"}],\"inLanguage\":\"fr-FR\"},{\"@type\":\"Organization\",\"@id\":\"https:\/\/www.small-hostel-la-girelle.com\/#organization\",\"name\":\"La Girelle - Small Hostel Marseille\",\"url\":\"https:\/\/www.small-hostel-la-girelle.com\/\",\"logo\":{\"@type\":\"ImageObject\",\"inLanguage\":\"fr-FR\",\"@id\":\"https:\/\/www.small-hostel-la-girelle.com\/#\/schema\/logo\/image\/\",\"url\":\"https:\/\/www.small-hostel-la-girelle.com\/files\/2016\/09\/cropped-logo-small-hostel-la-girelle.png\",\"contentUrl\":\"https:\/\/www.small-hostel-la-girelle.com\/files\/2016\/09\/cropped-logo-small-hostel-la-girelle.png\",\"width\":448,\"height\":92,\"caption\":\"La Girelle - Small Hostel Marseille\"},\"image\":{\"@id\":\"https:\/\/www.small-hostel-la-girelle.com\/#\/schema\/logo\/image\/\"}}]}<\/script>\n<!-- \/ Yoast SEO plugin. -->","yoast_head_json":{"title":"Experience Marseille Through Our Photo Gallery - La Girelle - Small Hostel Marseille","description":"Explore La Girelle, our cozy guesthouse in Marseille, through our captivating photo gallery. Dive into scenic images of local beaches, vibrant creeks, and the stunning Calanques. Get a taste of the beauty that awaits you in Marseille.","robots":{"index":"index","follow":"follow","max-snippet":"max-snippet:-1","max-image-preview":"max-image-preview:large","max-video-preview":"max-video-preview:-1"},"canonical":"https:\/\/www.small-hostel-la-girelle.com\/fr\/album-photos\/","og_locale":"fr_FR","og_type":"article","og_title":"Experience Marseille Through Our Photo Gallery - La Girelle - Small Hostel Marseille","og_description":"Explore La Girelle, our cozy guesthouse in Marseille, through our captivating photo gallery. Dive into scenic images of local beaches, vibrant creeks, and the stunning Calanques. Get a taste of the beauty that awaits you in Marseille.","og_url":"https:\/\/www.small-hostel-la-girelle.com\/fr\/album-photos\/","og_site_name":"La Girelle - Small Hostel Marseille","article_modified_time":"2024-03-19T10:38:49+00:00","twitter_card":"summary_large_image","twitter_misc":{"Dur\u00e9e de lecture estim\u00e9e":"2 minutes"},"schema":{"@context":"https:\/\/schema.org","@graph":[{"@type":"WebPage","@id":"https:\/\/www.small-hostel-la-girelle.com\/fr\/album-photos\/","url":"https:\/\/www.small-hostel-la-girelle.com\/fr\/album-photos\/","name":"Experience Marseille Through Our Photo Gallery - La Girelle - Small Hostel Marseille","isPartOf":{"@id":"https:\/\/www.small-hostel-la-girelle.com\/#website"},"datePublished":"2016-09-01T10:02:49+00:00","dateModified":"2024-03-19T10:38:49+00:00","description":"Explore La Girelle, our cozy guesthouse in Marseille, through our captivating photo gallery. Dive into scenic images of local beaches, vibrant creeks, and the stunning Calanques. Get a taste of the beauty that awaits you in Marseille.","breadcrumb":{"@id":"https:\/\/www.small-hostel-la-girelle.com\/fr\/album-photos\/#breadcrumb"},"inLanguage":"fr-FR","potentialAction":[{"@type":"ReadAction","target":["https:\/\/www.small-hostel-la-girelle.com\/fr\/album-photos\/"]}]},{"@type":"BreadcrumbList","@id":"https:\/\/www.small-hostel-la-girelle.com\/fr\/album-photos\/#breadcrumb","itemListElement":[{"@type":"ListItem","position":1,"name":"Accueil","item":"https:\/\/www.small-hostel-la-girelle.com\/fr\/"},{"@type":"ListItem","position":2,"name":"Bienvenue dans l&rsquo;album photos de La Girelle"}]},{"@type":"WebSite","@id":"https:\/\/www.small-hostel-la-girelle.com\/#website","url":"https:\/\/www.small-hostel-la-girelle.com\/","name":"La Girelle - Small Hostel Marseille","description":"hostel marseille, cheap &amp; small","publisher":{"@id":"https:\/\/www.small-hostel-la-girelle.com\/#organization"},"alternateName":"Hostel Marseille","potentialAction":[{"@type":"SearchAction","target":{"@type":"EntryPoint","urlTemplate":"https:\/\/www.small-hostel-la-girelle.com\/?s={search_term_string}"},"query-input":"required name=search_term_string"}],"inLanguage":"fr-FR"},{"@type":"Organization","@id":"https:\/\/www.small-hostel-la-girelle.com\/#organization","name":"La Girelle - Small Hostel Marseille","url":"https:\/\/www.small-hostel-la-girelle.com\/","logo":{"@type":"ImageObject","inLanguage":"fr-FR","@id":"https:\/\/www.small-hostel-la-girelle.com\/#\/schema\/logo\/image\/","url":"https:\/\/www.small-hostel-la-girelle.com\/files\/2016\/09\/cropped-logo-small-hostel-la-girelle.png","contentUrl":"https:\/\/www.small-hostel-la-girelle.com\/files\/2016\/09\/cropped-logo-small-hostel-la-girelle.png","width":448,"height":92,"caption":"La Girelle - Small Hostel Marseille"},"image":{"@id":"https:\/\/www.small-hostel-la-girelle.com\/#\/schema\/logo\/image\/"}}]}},"_links":{"self":[{"href":"https:\/\/www.small-hostel-la-girelle.com\/fr\/wp-json\/wp\/v2\/pages\/215"}],"collection":[{"href":"https:\/\/www.small-hostel-la-girelle.com\/fr\/wp-json\/wp\/v2\/pages"}],"about":[{"href":"https:\/\/www.small-hostel-la-girelle.com\/fr\/wp-json\/wp\/v2\/types\/page"}],"author":[{"embeddable":true,"href":"https:\/\/www.small-hostel-la-girelle.com\/fr\/wp-json\/wp\/v2\/users\/1"}],"replies":[{"embeddable":true,"href":"https:\/\/www.small-hostel-la-girelle.com\/fr\/wp-json\/wp\/v2\/comments?post=215"}],"version-history":[{"count":6,"href":"https:\/\/www.small-hostel-la-girelle.com\/fr\/wp-json\/wp\/v2\/pages\/215\/revisions"}],"predecessor-version":[{"id":889,"href":"https:\/\/www.small-hostel-la-girelle.com\/fr\/wp-json\/wp\/v2\/pages\/215\/revisions\/889"}],"wp:attachment":[{"href":"https:\/\/www.small-hostel-la-girelle.com\/fr\/wp-json\/wp\/v2\/media?parent=215"}],"curies":[{"name":"wp","href":"https:\/\/api.w.org\/{rel}","templated":true}]}}