{"id":14,"date":"2016-07-19T09:52:31","date_gmt":"2016-07-19T07:52:31","guid":{"rendered":"http:\/\/lagirelle.labanane-hostel.com\/?page_id=14&#038;lang=fr"},"modified":"2024-05-28T10:16:42","modified_gmt":"2024-05-28T08:16:42","slug":"la-girelle-petit-hotel","status":"publish","type":"page","link":"https:\/\/www.small-hostel-la-girelle.com\/fr\/","title":{"rendered":"La Girelle, small hostel"},"content":{"rendered":"<div class=\"wpb-content-wrapper\"><p>[vc_row][vc_column]\n\t\t\t<!-- START accueilfr REVOLUTION SLIDER 6.6.16 --><p class=\"rs-p-wp-fix\"><\/p>\n\t\t\t<rs-module-wrap id=\"rev_slider_2_1_wrapper\" data-source=\"gallery\" style=\"visibility:hidden;background:transparent;padding:0;margin:0px auto;margin-top:0;margin-bottom:0;\">\n\t\t\t\t<rs-module id=\"rev_slider_2_1\" style=\"\" data-version=\"6.6.16\">\n\t\t\t\t\t<rs-slides style=\"overflow: hidden; position: absolute;\">\n\t\t\t\t\t\t<rs-slide style=\"position: absolute;\" data-key=\"rs-5\" data-title=\"Smal Hostel Marseille\" data-thumb=\"\/\/www.small-hostel-la-girelle.com\/files\/2016\/09\/unnamed-1-100x50.jpg\" data-anim=\"adpr:false;\" data-in=\"o:0;\" data-out=\"a:false;\">\n\t\t\t\t\t\t\t<img fetchpriority=\"high\" decoding=\"async\" src=\"\/\/www.small-hostel-la-girelle.com\/wp-content\/plugins\/revslider\/public\/assets\/assets\/dummy.png\" alt=\"\" title=\"unnamed (1)\" width=\"1920\" height=\"1440\" class=\"rev-slidebg tp-rs-img rs-lazyload\" data-lazyload=\"\/\/www.small-hostel-la-girelle.com\/files\/2016\/09\/unnamed-1.jpg\" data-panzoom=\"d:10000;ss:100;se:125;\" data-no-retina>\n<!---->\t\t\t\t\t\t<\/rs-slide>\n\t\t\t\t\t\t<rs-slide style=\"position: absolute;\" data-key=\"rs-6\" data-title=\"Hostel La Girelle\" data-thumb=\"\/\/www.small-hostel-la-girelle.com\/files\/2016\/09\/bateau-marseille3-100x50.jpg\" data-anim=\"adpr:false;\" data-in=\"o:0;\" data-out=\"a:false;\">\n\t\t\t\t\t\t\t<img decoding=\"async\" src=\"\/\/www.small-hostel-la-girelle.com\/wp-content\/plugins\/revslider\/public\/assets\/assets\/dummy.png\" alt=\"\" title=\"bateau-marseille3\" width=\"1600\" height=\"900\" class=\"rev-slidebg tp-rs-img rs-lazyload\" data-lazyload=\"\/\/www.small-hostel-la-girelle.com\/files\/2016\/09\/bateau-marseille3.jpg\" data-panzoom=\"d:10000;ss:100;se:125;\" data-no-retina>\n<!---->\t\t\t\t\t\t<\/rs-slide>\n\t\t\t\t\t\t<rs-slide style=\"position: absolute;\" data-key=\"rs-7\" data-title=\"La Girelle Marseille\" data-thumb=\"\/\/www.small-hostel-la-girelle.com\/files\/2016\/09\/plongee-marseille3-100x50.jpg\" data-anim=\"adpr:false;\" data-in=\"o:0;\" data-out=\"a:false;\">\n\t\t\t\t\t\t\t<img decoding=\"async\" src=\"\/\/www.small-hostel-la-girelle.com\/wp-content\/plugins\/revslider\/public\/assets\/assets\/dummy.png\" alt=\"\" title=\"plongee-marseille3\" width=\"1300\" height=\"808\" class=\"rev-slidebg tp-rs-img rs-lazyload\" data-lazyload=\"\/\/www.small-hostel-la-girelle.com\/files\/2016\/09\/plongee-marseille3.jpg\" data-panzoom=\"d:10000;ss:100;se:125;\" data-no-retina>\n<!---->\t\t\t\t\t\t<\/rs-slide>\n\t\t\t\t\t\t<rs-slide style=\"position: absolute;\" data-key=\"rs-8\" data-title=\"La Girelle Marseille\" data-thumb=\"\/\/www.small-hostel-la-girelle.com\/files\/2016\/09\/unnamed-100x50.jpg\" data-anim=\"adpr:false;\" data-in=\"o:0;\" data-out=\"a:false;\">\n\t\t\t\t\t\t\t<img loading=\"lazy\" decoding=\"async\" src=\"\/\/www.small-hostel-la-girelle.com\/wp-content\/plugins\/revslider\/public\/assets\/assets\/dummy.png\" alt=\"\" title=\"unnamed\" width=\"1920\" height=\"1440\" class=\"rev-slidebg tp-rs-img rs-lazyload\" data-lazyload=\"\/\/www.small-hostel-la-girelle.com\/files\/2016\/09\/unnamed.jpg\" data-panzoom=\"d:10000;ss:100;se:125;\" data-no-retina>\n<!---->\t\t\t\t\t\t<\/rs-slide>\n\t\t\t\t\t<\/rs-slides>\n\t\t\t\t\t<rs-static-layers><!--\n\n\t\t\t\t\t\t\t--><rs-layer\n\t\t\t\t\t\t\t\tid=\"slider-2-slide-2-layer-0\" \n\t\t\t\t\t\t\t\tclass=\"rs-layer-static\"\n\t\t\t\t\t\t\t\tdata-type=\"image\"\n\t\t\t\t\t\t\t\tdata-rsp_ch=\"on\"\n\t\t\t\t\t\t\t\tdata-xy=\"x:1144px;y:376px;\"\n\t\t\t\t\t\t\t\tdata-text=\"w:normal;\"\n\t\t\t\t\t\t\t\tdata-dim=\"w:79px;h:87px;\"\n\t\t\t\t\t\t\t\tdata-onslides=\"s:1;\"\n\t\t\t\t\t\t\t\tdata-frame_999=\"o:0;st:w;\"\n\t\t\t\t\t\t\t\tstyle=\"z-index:7;\"\n\t\t\t\t\t\t\t><img loading=\"lazy\" decoding=\"async\" src=\"\/\/www.small-hostel-la-girelle.com\/wp-content\/plugins\/revslider\/public\/assets\/assets\/dummy.png\" alt=\"\" class=\"tp-rs-img rs-lazyload\" width=\"124\" height=\"136\" data-lazyload=\"\" data-no-retina> \n\t\t\t\t\t\t\t<\/rs-layer><!--\n\n\t\t\t\t\t\t\t--><h2\n\t\t\t\t\t\t\t\tid=\"slider-2-slide-2-layer-3\" \n\t\t\t\t\t\t\t\tclass=\"rs-layer rs-layer-static\"\n\t\t\t\t\t\t\t\tdata-type=\"text\"\n\t\t\t\t\t\t\t\tdata-color=\"#fff\"\n\t\t\t\t\t\t\t\tdata-rsp_ch=\"on\"\n\t\t\t\t\t\t\t\tdata-xy=\"x:71px;y:55px;\"\n\t\t\t\t\t\t\t\tdata-text=\"w:normal;s:32;l:36;ls:1;\"\n\t\t\t\t\t\t\t\tdata-dim=\"minh:0px;\"\n\t\t\t\t\t\t\t\tdata-onslides=\"s:1;\"\n\t\t\t\t\t\t\t\tdata-frame_0=\"sX:0.9;sY:0.9;\"\n\t\t\t\t\t\t\t\tdata-frame_1=\"e:power2.inOut;sp:1000;\"\n\t\t\t\t\t\t\t\tdata-frame_999=\"o:0;st:w;sR:8700;\"\n\t\t\t\t\t\t\t\tstyle=\"z-index:5;font-family:'Indie Flower';\"\n\t\t\t\t\t\t\t>Petite Auberge \u00e0 Marseille \n\t\t\t\t\t\t\t<\/h2><!--\n\n\t\t\t\t\t\t\t--><h3\n\t\t\t\t\t\t\t\tid=\"slider-2-slide-2-layer-4\" \n\t\t\t\t\t\t\t\tclass=\"rs-layer rs-layer-static\"\n\t\t\t\t\t\t\t\tdata-type=\"text\"\n\t\t\t\t\t\t\t\tdata-color=\"#fff\"\n\t\t\t\t\t\t\t\tdata-rsp_ch=\"on\"\n\t\t\t\t\t\t\t\tdata-xy=\"x:50px;y:101px;\"\n\t\t\t\t\t\t\t\tdata-text=\"w:normal;s:80;l:90;ls:-4;fw:800;a:center;\"\n\t\t\t\t\t\t\t\tdata-dim=\"w:1127px;minh:0px;\"\n\t\t\t\t\t\t\t\tdata-onslides=\"s:1;\"\n\t\t\t\t\t\t\t\tdata-frame_0=\"sX:0.8;sY:0.8;\"\n\t\t\t\t\t\t\t\tdata-frame_1=\"e:power4.out;sp:1000;\"\n\t\t\t\t\t\t\t\tdata-frame_999=\"o:0;st:w;sR:8410;\"\n\t\t\t\t\t\t\t\tdata-loop_999=\"sX:0.8;sY:0.8;sp:2000;e:power0.inOut;yys:t;yyf:t;\"\n\t\t\t\t\t\t\t\tstyle=\"z-index:6;font-family:'Poppins';\"\n\t\t\t\t\t\t\t>Booking\/SMS : <a href=\"tel:+33629226701\">+33 629 226 701<\/a> \n\t\t\t\t\t\t\t<\/h3><!--\n\t\t\t\t\t--><\/rs-static-layers>\n\t\t\t\t<\/rs-module>\n\t\t\t\t<script>\n\t\t\t\t\tsetREVStartSize({c: 'rev_slider_2_1',rl:[1240,1024,778,480],el:[480],gw:[1240],gh:[480],type:'standard',justify:'',layout:'fullwidth',mh:\"0\"});if (window.RS_MODULES!==undefined && window.RS_MODULES.modules!==undefined && window.RS_MODULES.modules[\"revslider21\"]!==undefined) {window.RS_MODULES.modules[\"revslider21\"].once = false;window.revapi2 = undefined;if (window.RS_MODULES.checkMinimal!==undefined) window.RS_MODULES.checkMinimal()}\n\t\t\t\t<\/script>\n\t\t\t<\/rs-module-wrap>\n\t\t\t<!-- END REVOLUTION SLIDER -->\n[\/vc_column][\/vc_row][vc_row][vc_column][vc_empty_space][vc_column_text]<\/p>\n<h1 style=\"text-align: justify;\">La Girelle, une petite <a href=\"https:\/\/www.small-hostel-la-girelle.com\/fr\/small-hostel\/\">auberge \u00e0 Marseille<\/a> au pied des <a href=\"https:\/\/www.small-hostel-la-girelle.com\/fr\/les-calanques-de-marseille\/\">calanques<\/a> !<\/h1>\n<p>[\/vc_column_text][vc_empty_space][\/vc_column][\/vc_row][vc_row][vc_column width=\u00a0\u00bb1\/2&Prime;][vc_column_text]\u00a0\u00bbLa Girelle\u00a0\u00bb est une <strong>petite auberge<\/strong> fr\u00e9quent\u00e9e par des Marseillais, mais aussi par des gens qui ont voyag\u00e9. C&rsquo;est pourquoi nous aimons proposer un <strong>h\u00e9bergement<\/strong> simple pour les <strong>voyageurs<\/strong> et les <strong>backpackers<\/strong> du monde entier, et les encourager \u00e0 explorer les tr\u00e9sors de notre belle <strong>Provence<\/strong>. De plus, le quartier tranquille est l&rsquo;endroit id\u00e9al pour les <strong>\u00e9tudiants<\/strong> et les <strong>nomades num\u00e9riques<\/strong>. Et si vous aimez le sport, nous sommes \u00e0 seulement 20 minutes du <strong>Stade V\u00e9lodrome<\/strong> ![\/vc_column_text][vc_single_image image=\u00a0\u00bb678&Prime; img_size=\u00a0\u00bblarge\u00a0\u00bb alignment=\u00a0\u00bbcenter\u00a0\u00bb onclick=\u00a0\u00bblink_image\u00a0\u00bb][vc_empty_space][vc_column_text]<\/p>\n<h2>Un emplacement id\u00e9al !<\/h2>\n<p><strong>Son axe principal, le boulevard Michelet permet de quitter rapidement la ville et de rejoindre le c\u0153ur de Marseille ou Cassis.<\/strong><br \/>\n<span style=\"text-decoration: underline;\">Sa localisation permet un acc\u00e8s facile \u00e0 diff\u00e9rentes destinations :<\/span><\/p>\n<ul>\n<li>Centre de Marseille<\/li>\n<li>Stade V\u00e9lodrome<\/li>\n<li>Le Parc National des Calanques<\/li>\n<li>L&rsquo;Universit\u00e9 Kedge et la Facult\u00e9 des Sciences de Luminy<\/li>\n<li>La Pointe Rouge<\/li>\n<li>Les Goudes<\/li>\n<li>Le Parc Bor\u00e9ly<\/li>\n<\/ul>\n<p>[\/vc_column_text][vc_empty_space][vc_column_text]<\/p>\n<h3>Arriv\u00e9e dans notre petite auberge !<\/h3>\n<p>Pour votre confort, une r\u00e9ception sera organis\u00e9e quel que soit votre heure d&rsquo;arriv\u00e9e. La <a href=\"https:\/\/www.small-hostel-la-girelle.com\/fr\/tarifs\/\"><strong>petite auberge<\/strong><\/a> vous sera pr\u00e9sent\u00e9e et un verre de bienvenue vous sera offert ![\/vc_column_text][vc_single_image image=\u00a0\u00bb374&Prime; img_size=\u00a0\u00bblarge\u00a0\u00bb onclick=\u00a0\u00bblink_image\u00a0\u00bb][\/vc_column][vc_column width=\u00a0\u00bb1\/2&Prime;][vc_single_image image=\u00a0\u00bb199&Prime; img_size=\u00a0\u00bblarge\u00a0\u00bb onclick=\u00a0\u00bblink_image\u00a0\u00bb][vc_column_text]<\/p>\n<h2>Pourquoi choisir La Girelle ?<\/h2>\n<p>Ici, vous pouvez vivre une exp\u00e9rience de <strong>backpacker<\/strong> dans une atmosph\u00e8re <strong>s\u00fbre<\/strong> et <strong>chaleureuse<\/strong>. Profitez de notre disponibilit\u00e9, des \u00e9quipements de notre <strong>cuisine commune<\/strong> et de notre <strong>espace d\u00e9tente<\/strong> autour de la chemin\u00e9e\u2026 Tous nos tarifs incluent :<\/p>\n<ul>\n<li>Arriv\u00e9e et d\u00e9part flexibles.<\/li>\n<li>WIFI fonctionnant dans toute l&rsquo;auberge.<\/li>\n<li>Cuisine \u00e9quip\u00e9e d&rsquo;un lave-vaisselle, four \u00e9lectrique, micro-ondes, cafeti\u00e8re et bouilloire \u00e9lectrique et tous les ustensiles de cuisine.<\/li>\n<li>Lave-linge.<\/li>\n<li>Serviette et linge de lit.<\/li>\n<li>Bagagerie.<\/li>\n<li>Masque et tuba.<\/li>\n<li>Barbecue.<\/li>\n<li>Nettoyage.<\/li>\n<\/ul>\n<p>[\/vc_column_text][vc_empty_space][vc_row_inner][vc_column_inner css=\u00a0\u00bb.vc_custom_1494832117792{padding-top: 30px !important;padding-right: 30px !important;padding-bottom: 30px !important;padding-left: 30px !important;background-color: #f6c392 !important;border-radius: 5px !important;}\u00a0\u00bb][vc_single_image image=\u00a0\u00bb120&Prime; img_size=\u00a0\u00bblarge\u00a0\u00bb alignment=\u00a0\u00bbcenter\u00a0\u00bb onclick=\u00a0\u00bblink_image\u00a0\u00bb css_animation=\u00a0\u00bbappear\u00a0\u00bb _size=\u00a0\u00bblarge\u00a0\u00bb][vc_empty_space][vc_column_text]<strong><span style=\"text-decoration: underline;\"> En plus<\/span><\/strong> :<\/p>\n<ul>\n<li>Acc\u00e8s direct \u00e0 la plage en 10 min<\/li>\n<li>Acc\u00e8s direct aux Calanques en 10 min<\/li>\n<li>Bus de nuit vers le centre-ville<\/li>\n<li>D\u00e9parts de NAP tourisme tous les matins en direction de Cassis \u00e0 9h20<\/li>\n<li>Commerces \u00e0 100 m de la maison d&rsquo;h\u00f4tes : supermarch\u00e9, restaurant, tabac, boulangerie, certains magasins sont ouverts le dimanche matin<\/li>\n<\/ul>\n<p>[\/vc_column_text][\/vc_column_inner][\/vc_row_inner][vc_empty_space][vc_column_text]<\/p>\n<h2>Votre s\u00e9jour \u00e0 Marseille !<\/h2>\n<p>Nous vous donnerons toutes les <a href=\"https:\/\/www.small-hostel-la-girelle.com\/fr\/activites-a-marseille-sud\/\"><strong>meilleures adresses<\/strong><\/a> pour go\u00fbter \u00e0 la cuisine locale, les jours de march\u00e9 ou les activit\u00e9s \u00e0 proximit\u00e9 \u00e0 faire \u00e0 pied ou en bus. Si vous \u00eates curieux de d\u00e9couvrir <strong>Marseille<\/strong> et les <strong>Calanques<\/strong>, <strong>La Girelle<\/strong> est votre h\u00e9bergement id\u00e9al ! Vous aurez la chance de d\u00e9couvrir Marseille et les Calanques, loin des circuits touristiques traditionnels, nous vous aiderons \u00e0 organiser votre journ\u00e9e et nous pourrons vous sugg\u00e9rer des choses \u00e0 faire comme du kayak, de la randonn\u00e9e dans les Calanques, une escapade sur les eaux turquoise en bateau, du snorkeling ou simplement une balade au bord des plages&#8230;. Quels que soient vos centres d&rsquo;int\u00e9r\u00eat, <strong>Mazargues<\/strong> et ses environs vous plongeront dans un univers insolite et inattendu ![\/vc_column_text][\/vc_column][\/vc_row][vc_row][vc_column][vc_column_text]<\/p>\n<h2 style=\"text-align: justify;\">Derni\u00e8res nouvelles de <strong><a href=\"https:\/\/www.small-hostel-la-girelle.com\/fr\/blog-la-girelle-small-hostel\/\">notre blog<\/a><\/strong><\/h2>\n<p>[\/vc_column_text][vc_masonry_grid post_type=\u00a0\u00bbpost\u00a0\u00bb max_items=\u00a0\u00bb6&Prime; item=\u00a0\u00bb1087&Prime; grid_id=\u00a0\u00bbvc_gid:1716884179189-ee66df3d-215f-8&Prime;][vc_btn title=\u00a0\u00bbVOIR PLUS D&rsquo;ARTICLES\u00a0\u00bb style=\u00a0\u00bbcustom\u00a0\u00bb custom_background=\u00a0\u00bb#d98d53&Prime; custom_text=\u00a0\u00bb#ffffff\u00a0\u00bb size=\u00a0\u00bblg\u00a0\u00bb align=\u00a0\u00bbcenter\u00a0\u00bb i_align=\u00a0\u00bbright\u00a0\u00bb i_icon_fontawesome=\u00a0\u00bbfas fa-angle-right\u00a0\u00bb button_block=\u00a0\u00bbtrue\u00a0\u00bb add_icon=\u00a0\u00bbtrue\u00a0\u00bb link=\u00a0\u00bburl:https%3A%2F%2Fwww.small-hostel-la-girelle.com%2Ffr%2Fblog-la-girelle-small-hostel%2F\u00a0\u00bb][\/vc_column][\/vc_row]<\/p>\n<\/div>","protected":false},"excerpt":{"rendered":"<p>[vc_row][vc_column][\/vc_column][\/vc_row][vc_row][vc_column][vc_empty_space][vc_column_text] La Girelle, une petite auberge \u00e0 Marseille au pied des calanques ! [\/vc_column_text][vc_empty_space][\/vc_column][\/vc_row][vc_row][vc_column width=\u00a0\u00bb1\/2&Prime;][vc_column_text]\u00a0\u00bbLa Girelle\u00a0\u00bb est une petite auberge fr\u00e9quent\u00e9e par des Marseillais, mais aussi par des gens qui ont voyag\u00e9. C&rsquo;est pourquoi nous aimons proposer un h\u00e9bergement simple pour les voyageurs et les backpackers du monde entier, et les encourager \u00e0 explorer les [&hellip;]<\/p>\n","protected":false},"author":3,"featured_media":0,"parent":0,"menu_order":0,"comment_status":"closed","ping_status":"closed","template":"","meta":{"footnotes":""},"yoast_head":"<!-- This site is optimized with the Yoast SEO plugin v22.3 - https:\/\/yoast.com\/wordpress\/plugins\/seo\/ -->\n<title>La Girelle, petit hotel \u00e0 Marseille<\/title>\n<meta name=\"description\" content=\"\u00abLa Girelle\u00bb est un petit hotel qui accueille les backpackers recherchant un h\u00e9bergement dans une bonne ambiance et \u00e0 petit prix.\" \/>\n<meta name=\"robots\" content=\"index, follow, max-snippet:-1, max-image-preview:large, max-video-preview:-1\" \/>\n<link rel=\"canonical\" href=\"https:\/\/www.small-hostel-la-girelle.com\/fr\/\" \/>\n<meta property=\"og:locale\" content=\"fr_FR\" \/>\n<meta property=\"og:type\" content=\"article\" \/>\n<meta property=\"og:title\" content=\"La Girelle, petit hotel \u00e0 Marseille\" \/>\n<meta property=\"og:description\" content=\"\u00abLa Girelle\u00bb est un petit hotel qui accueille les backpackers recherchant un h\u00e9bergement dans une bonne ambiance et \u00e0 petit prix.\" \/>\n<meta property=\"og:url\" content=\"https:\/\/www.small-hostel-la-girelle.com\/fr\/\" \/>\n<meta property=\"og:site_name\" content=\"La Girelle - Small Hostel Marseille\" \/>\n<meta property=\"article:modified_time\" content=\"2024-05-28T08:16:42+00:00\" \/>\n<meta name=\"twitter:card\" content=\"summary_large_image\" \/>\n<meta name=\"twitter:label1\" content=\"Dur\u00e9e de lecture estim\u00e9e\" \/>\n\t<meta name=\"twitter:data1\" content=\"3 minutes\" \/>\n<script type=\"application\/ld+json\" class=\"yoast-schema-graph\">{\"@context\":\"https:\/\/schema.org\",\"@graph\":[{\"@type\":\"WebPage\",\"@id\":\"https:\/\/www.small-hostel-la-girelle.com\/fr\/\",\"url\":\"https:\/\/www.small-hostel-la-girelle.com\/fr\/\",\"name\":\"La Girelle, petit hotel \u00e0 Marseille\",\"isPartOf\":{\"@id\":\"https:\/\/www.small-hostel-la-girelle.com\/#website\"},\"datePublished\":\"2016-07-19T07:52:31+00:00\",\"dateModified\":\"2024-05-28T08:16:42+00:00\",\"description\":\"\u00abLa Girelle\u00bb est un petit hotel qui accueille les backpackers recherchant un h\u00e9bergement dans une bonne ambiance et \u00e0 petit prix.\",\"breadcrumb\":{\"@id\":\"https:\/\/www.small-hostel-la-girelle.com\/fr\/#breadcrumb\"},\"inLanguage\":\"fr-FR\",\"potentialAction\":[{\"@type\":\"ReadAction\",\"target\":[\"https:\/\/www.small-hostel-la-girelle.com\/fr\/\"]}]},{\"@type\":\"BreadcrumbList\",\"@id\":\"https:\/\/www.small-hostel-la-girelle.com\/fr\/#breadcrumb\",\"itemListElement\":[{\"@type\":\"ListItem\",\"position\":1,\"name\":\"Accueil\",\"item\":\"https:\/\/www.small-hostel-la-girelle.com\/fr\/\"},{\"@type\":\"ListItem\",\"position\":2,\"name\":\"La Girelle, small hostel\"}]},{\"@type\":\"WebSite\",\"@id\":\"https:\/\/www.small-hostel-la-girelle.com\/#website\",\"url\":\"https:\/\/www.small-hostel-la-girelle.com\/\",\"name\":\"La Girelle - Small Hostel Marseille\",\"description\":\"hostel marseille, cheap &amp; small\",\"publisher\":{\"@id\":\"https:\/\/www.small-hostel-la-girelle.com\/#organization\"},\"alternateName\":\"Hostel Marseille\",\"potentialAction\":[{\"@type\":\"SearchAction\",\"target\":{\"@type\":\"EntryPoint\",\"urlTemplate\":\"https:\/\/www.small-hostel-la-girelle.com\/?s={search_term_string}\"},\"query-input\":\"required name=search_term_string\"}],\"inLanguage\":\"fr-FR\"},{\"@type\":\"Organization\",\"@id\":\"https:\/\/www.small-hostel-la-girelle.com\/#organization\",\"name\":\"La Girelle - Small Hostel Marseille\",\"url\":\"https:\/\/www.small-hostel-la-girelle.com\/\",\"logo\":{\"@type\":\"ImageObject\",\"inLanguage\":\"fr-FR\",\"@id\":\"https:\/\/www.small-hostel-la-girelle.com\/#\/schema\/logo\/image\/\",\"url\":\"https:\/\/www.small-hostel-la-girelle.com\/files\/2016\/09\/cropped-logo-small-hostel-la-girelle.png\",\"contentUrl\":\"https:\/\/www.small-hostel-la-girelle.com\/files\/2016\/09\/cropped-logo-small-hostel-la-girelle.png\",\"width\":448,\"height\":92,\"caption\":\"La Girelle - Small Hostel Marseille\"},\"image\":{\"@id\":\"https:\/\/www.small-hostel-la-girelle.com\/#\/schema\/logo\/image\/\"}}]}<\/script>\n<!-- \/ Yoast SEO plugin. -->","yoast_head_json":{"title":"La Girelle, petit hotel \u00e0 Marseille","description":"\u00abLa Girelle\u00bb est un petit hotel qui accueille les backpackers recherchant un h\u00e9bergement dans une bonne ambiance et \u00e0 petit prix.","robots":{"index":"index","follow":"follow","max-snippet":"max-snippet:-1","max-image-preview":"max-image-preview:large","max-video-preview":"max-video-preview:-1"},"canonical":"https:\/\/www.small-hostel-la-girelle.com\/fr\/","og_locale":"fr_FR","og_type":"article","og_title":"La Girelle, petit hotel \u00e0 Marseille","og_description":"\u00abLa Girelle\u00bb est un petit hotel qui accueille les backpackers recherchant un h\u00e9bergement dans une bonne ambiance et \u00e0 petit prix.","og_url":"https:\/\/www.small-hostel-la-girelle.com\/fr\/","og_site_name":"La Girelle - Small Hostel Marseille","article_modified_time":"2024-05-28T08:16:42+00:00","twitter_card":"summary_large_image","twitter_misc":{"Dur\u00e9e de lecture estim\u00e9e":"3 minutes"},"schema":{"@context":"https:\/\/schema.org","@graph":[{"@type":"WebPage","@id":"https:\/\/www.small-hostel-la-girelle.com\/fr\/","url":"https:\/\/www.small-hostel-la-girelle.com\/fr\/","name":"La Girelle, petit hotel \u00e0 Marseille","isPartOf":{"@id":"https:\/\/www.small-hostel-la-girelle.com\/#website"},"datePublished":"2016-07-19T07:52:31+00:00","dateModified":"2024-05-28T08:16:42+00:00","description":"\u00abLa Girelle\u00bb est un petit hotel qui accueille les backpackers recherchant un h\u00e9bergement dans une bonne ambiance et \u00e0 petit prix.","breadcrumb":{"@id":"https:\/\/www.small-hostel-la-girelle.com\/fr\/#breadcrumb"},"inLanguage":"fr-FR","potentialAction":[{"@type":"ReadAction","target":["https:\/\/www.small-hostel-la-girelle.com\/fr\/"]}]},{"@type":"BreadcrumbList","@id":"https:\/\/www.small-hostel-la-girelle.com\/fr\/#breadcrumb","itemListElement":[{"@type":"ListItem","position":1,"name":"Accueil","item":"https:\/\/www.small-hostel-la-girelle.com\/fr\/"},{"@type":"ListItem","position":2,"name":"La Girelle, small hostel"}]},{"@type":"WebSite","@id":"https:\/\/www.small-hostel-la-girelle.com\/#website","url":"https:\/\/www.small-hostel-la-girelle.com\/","name":"La Girelle - Small Hostel Marseille","description":"hostel marseille, cheap &amp; small","publisher":{"@id":"https:\/\/www.small-hostel-la-girelle.com\/#organization"},"alternateName":"Hostel Marseille","potentialAction":[{"@type":"SearchAction","target":{"@type":"EntryPoint","urlTemplate":"https:\/\/www.small-hostel-la-girelle.com\/?s={search_term_string}"},"query-input":"required name=search_term_string"}],"inLanguage":"fr-FR"},{"@type":"Organization","@id":"https:\/\/www.small-hostel-la-girelle.com\/#organization","name":"La Girelle - Small Hostel Marseille","url":"https:\/\/www.small-hostel-la-girelle.com\/","logo":{"@type":"ImageObject","inLanguage":"fr-FR","@id":"https:\/\/www.small-hostel-la-girelle.com\/#\/schema\/logo\/image\/","url":"https:\/\/www.small-hostel-la-girelle.com\/files\/2016\/09\/cropped-logo-small-hostel-la-girelle.png","contentUrl":"https:\/\/www.small-hostel-la-girelle.com\/files\/2016\/09\/cropped-logo-small-hostel-la-girelle.png","width":448,"height":92,"caption":"La Girelle - Small Hostel Marseille"},"image":{"@id":"https:\/\/www.small-hostel-la-girelle.com\/#\/schema\/logo\/image\/"}}]}},"_links":{"self":[{"href":"https:\/\/www.small-hostel-la-girelle.com\/fr\/wp-json\/wp\/v2\/pages\/14"}],"collection":[{"href":"https:\/\/www.small-hostel-la-girelle.com\/fr\/wp-json\/wp\/v2\/pages"}],"about":[{"href":"https:\/\/www.small-hostel-la-girelle.com\/fr\/wp-json\/wp\/v2\/types\/page"}],"author":[{"embeddable":true,"href":"https:\/\/www.small-hostel-la-girelle.com\/fr\/wp-json\/wp\/v2\/users\/3"}],"replies":[{"embeddable":true,"href":"https:\/\/www.small-hostel-la-girelle.com\/fr\/wp-json\/wp\/v2\/comments?post=14"}],"version-history":[{"count":42,"href":"https:\/\/www.small-hostel-la-girelle.com\/fr\/wp-json\/wp\/v2\/pages\/14\/revisions"}],"predecessor-version":[{"id":1097,"href":"https:\/\/www.small-hostel-la-girelle.com\/fr\/wp-json\/wp\/v2\/pages\/14\/revisions\/1097"}],"wp:attachment":[{"href":"https:\/\/www.small-hostel-la-girelle.com\/fr\/wp-json\/wp\/v2\/media?parent=14"}],"curies":[{"name":"wp","href":"https:\/\/api.w.org\/{rel}","templated":true}]}}